{"id":987984,"date":"2022-04-02T15:05:45","date_gmt":"2022-04-02T13:05:45","guid":{"rendered":"https:\/\/www.famillegonnet.com\/dev\/?post_type=product&#038;p=987984"},"modified":"2022-06-23T15:27:16","modified_gmt":"2022-06-23T13:27:16","slug":"gigondas-sans-millesime","status":"publish","type":"product","link":"https:\/\/www.famillegonnet.com\/dev\/product\/gigondas-sans-millesime\/","title":{"rendered":"Le vin de L\u00e9onard \u2022 Gigondas \u2022 Rouge"},"content":{"rendered":"\t\t<div data-elementor-type=\"product-post\" data-elementor-id=\"987984\" class=\"elementor elementor-987984\" data-elementor-post-type=\"product\">\n\t\t\t\t\t\t<section class=\"elementor-section elementor-top-section elementor-element elementor-element-291ac02 elementor-section-boxed elementor-section-height-default elementor-section-height-default\" data-id=\"291ac02\" data-element_type=\"section\" data-e-type=\"section\">\n\t\t\t\t\t\t<div class=\"elementor-container elementor-column-gap-default\">\n\t\t\t\t\t<div class=\"elementor-column elementor-col-100 elementor-top-column elementor-element elementor-element-b960f3f\" data-id=\"b960f3f\" data-element_type=\"column\" data-e-type=\"column\">\n\t\t\t<div class=\"elementor-widget-wrap elementor-element-populated\">\n\t\t\t\t\t\t<div class=\"elementor-element elementor-element-1b05cb1 elementor-widget elementor-widget-heading\" data-id=\"1b05cb1\" data-element_type=\"widget\" data-e-type=\"widget\" data-widget_type=\"heading.default\">\n\t\t\t\t<div class=\"elementor-widget-container\">\n\t\t\t\t\t<h5 class=\"elementor-heading-title elementor-size-default\">Informations techniques<\/h5>\t\t\t\t<\/div>\n\t\t\t\t<\/div>\n\t\t\t\t<div class=\"elementor-element elementor-element-b9044c3 elementor-widget elementor-widget-text-editor\" data-id=\"b9044c3\" data-element_type=\"widget\" data-e-type=\"widget\" data-widget_type=\"text-editor.default\">\n\t\t\t\t<div class=\"elementor-widget-container\">\n\t\t\t\t\t\t\t\t\t<h5><strong>R\u00e9gion<\/strong><\/h5><p>Gigondas, vall\u00e9e du Rh\u00f4ne.<\/p><h5><strong>Exposition<\/strong><\/h5><p>Dans le lieu-dit Paill\u00e8re et Pied Gu, Notre Dame des Palli\u00e8res, l\u2019un des lieux les plus \u00e9lev\u00e9s de l\u2019appellation Gigondas. Nich\u00e9 dans les Dentelles de Montmirail \u00e0 300 m\u00e8tres d\u2019altitude.<\/p><h5><strong>Composition du sol<\/strong><\/h5><p>Calcaire.<\/p><h5><strong>C\u00e9pages<\/strong><\/h5><p>90 % Grenache (95 ans), 10 % Syrah (85 ans).<\/p><h5><strong>\u00c2ge des vignes<\/strong><\/h5><p>90 ans.<\/p><h5><strong>Densit\u00e9<\/strong><\/h5><p>3 000 vignes par hectare.<\/p><h5><strong>Vendanges<\/strong><\/h5><p>\u00c0 la main.<\/p><h5><strong>Vinification<\/strong><\/h5><p>30 jours de fermentation et de mac\u00e9ration.<\/p><h5><strong>Malolactique \u2013 Oui\/Non<\/strong><\/h5><p>Oui.<\/p><h5><strong>Sucres r\u00e9siduels<\/strong><\/h5><p>Moins de 2 grammes par litre.<\/p><h5><strong>Pourcentage d\u2019alcool<\/strong><\/h5><p>14,5%.<\/p><h5><strong>\u00c9levage<\/strong><\/h5><p>cuves en b\u00e9ton et demi-muids.<\/p><h5><strong>Nombre de bouteilles<\/strong><\/h5><p>30 000.<\/p><p>\u00a0<\/p>\t\t\t\t\t\t\t\t<\/div>\n\t\t\t\t<\/div>\n\t\t\t\t<div class=\"elementor-element elementor-element-2f2b491 elementor-widget elementor-widget-heading\" data-id=\"2f2b491\" data-element_type=\"widget\" data-e-type=\"widget\" data-widget_type=\"heading.default\">\n\t\t\t\t<div class=\"elementor-widget-container\">\n\t\t\t\t\t<h5 class=\"elementor-heading-title elementor-size-default\">Note de d\u00e9gustation<\/h5>\t\t\t\t<\/div>\n\t\t\t\t<\/div>\n\t\t\t\t<div class=\"elementor-element elementor-element-7ab791d elementor-widget elementor-widget-text-editor\" data-id=\"7ab791d\" data-element_type=\"widget\" data-e-type=\"widget\" data-widget_type=\"text-editor.default\">\n\t\t\t\t<div class=\"elementor-widget-container\">\n\t\t\t\t\t\t\t\t\t<p>Bouquet de fruits rouges et noirs (cerises, m\u00fbres), notes de\u00a0graphite, \u00e9pices et cuir.<\/p>\t\t\t\t\t\t\t\t<\/div>\n\t\t\t\t<\/div>\n\t\t\t\t<div class=\"elementor-element elementor-element-495ec43 elementor-widget elementor-widget-heading\" data-id=\"495ec43\" data-element_type=\"widget\" data-e-type=\"widget\" data-widget_type=\"heading.default\">\n\t\t\t\t<div class=\"elementor-widget-container\">\n\t\t\t\t\t<h5 class=\"elementor-heading-title elementor-size-default\">\u00c0 boire avec<\/h5>\t\t\t\t<\/div>\n\t\t\t\t<\/div>\n\t\t\t\t<div class=\"elementor-element elementor-element-899cd8c elementor-widget elementor-widget-text-editor\" data-id=\"899cd8c\" data-element_type=\"widget\" data-e-type=\"widget\" data-widget_type=\"text-editor.default\">\n\t\t\t\t<div class=\"elementor-widget-container\">\n\t\t\t\t\t\t\t\t\t<p>un vin tr\u00e8s riche pour accompagner des plats de substance. Ce vin est audacieux et riche, tout en restant tr\u00e8s min\u00e9ral. A boire avec de l\u2019agneau r\u00f4ti, du confit de canard ou un coq au vin. Il s\u2019agit d\u2019un vin fin qui se r\u00e9v\u00e8le magnifiquement apr\u00e8s avoir d\u00e9cant\u00e9 pendant une heure.<\/p>\t\t\t\t\t\t\t\t<\/div>\n\t\t\t\t<\/div>\n\t\t\t\t<section class=\"elementor-section elementor-inner-section elementor-element elementor-element-331d5f0 elementor-section-boxed elementor-section-height-default elementor-section-height-default\" data-id=\"331d5f0\" data-element_type=\"section\" data-e-type=\"section\">\n\t\t\t\t\t\t<div class=\"elementor-container elementor-column-gap-default\">\n\t\t\t\t\t<div class=\"elementor-column elementor-col-100 elementor-inner-column elementor-element elementor-element-bf06f9c\" data-id=\"bf06f9c\" data-element_type=\"column\" data-e-type=\"column\">\n\t\t\t<div class=\"elementor-widget-wrap elementor-element-populated\">\n\t\t\t\t\t\t\t<\/div>\n\t\t<\/div>\n\t\t\t\t\t<\/div>\n\t\t<\/section>\n\t\t\t\t\t<\/div>\n\t\t<\/div>\n\t\t\t\t\t<\/div>\n\t\t<\/section>\n\t\t\t\t<\/div>\n\t\t","protected":false},"excerpt":{"rendered":"<p>Situ\u00e9e sur les hauteurs du vignoble de Gigondas, cette cuv\u00e9e est rac\u00e9e, puissante et complexe. La garrigue, les fruits noirs et les \u00e9pices orientales forment un bouquet irr\u00e9sistible. \u00c0 d\u00e9couvrir !<\/p>\n","protected":false},"featured_media":987985,"comment_status":"closed","ping_status":"closed","template":"","meta":[],"product_cat":[52],"product_tag":[],"class_list":{"0":"post-987984","1":"product","2":"type-product","3":"status-publish","4":"has-post-thumbnail","6":"product_cat-vins-de-leonard","8":"first","9":"instock","10":"shipping-taxable","11":"product-type-simple"},"_links":{"self":[{"href":"https:\/\/www.famillegonnet.com\/dev\/wp-json\/wp\/v2\/product\/987984","targetHints":{"allow":["GET"]}}],"collection":[{"href":"https:\/\/www.famillegonnet.com\/dev\/wp-json\/wp\/v2\/product"}],"about":[{"href":"https:\/\/www.famillegonnet.com\/dev\/wp-json\/wp\/v2\/types\/product"}],"replies":[{"embeddable":true,"href":"https:\/\/www.famillegonnet.com\/dev\/wp-json\/wp\/v2\/comments?post=987984"}],"version-history":[{"count":8,"href":"https:\/\/www.famillegonnet.com\/dev\/wp-json\/wp\/v2\/product\/987984\/revisions"}],"predecessor-version":[{"id":988813,"href":"https:\/\/www.famillegonnet.com\/dev\/wp-json\/wp\/v2\/product\/987984\/revisions\/988813"}],"wp:featuredmedia":[{"embeddable":true,"href":"https:\/\/www.famillegonnet.com\/dev\/wp-json\/wp\/v2\/media\/987985"}],"wp:attachment":[{"href":"https:\/\/www.famillegonnet.com\/dev\/wp-json\/wp\/v2\/media?parent=987984"}],"wp:term":[{"taxonomy":"product_cat","embeddable":true,"href":"https:\/\/www.famillegonnet.com\/dev\/wp-json\/wp\/v2\/product_cat?post=987984"},{"taxonomy":"product_tag","embeddable":true,"href":"https:\/\/www.famillegonnet.com\/dev\/wp-json\/wp\/v2\/product_tag?post=987984"}],"curies":[{"name":"wp","href":"https:\/\/api.w.org\/{rel}","templated":true}]}}