{"id":987974,"date":"2022-04-02T00:02:37","date_gmt":"2022-04-01T22:02:37","guid":{"rendered":"https:\/\/www.famillegonnet.com\/dev\/?post_type=product&#038;p=987974"},"modified":"2022-06-23T15:24:02","modified_gmt":"2022-06-23T13:24:02","slug":"cotes-du-rhone-blanc-sans-millesime","status":"publish","type":"product","link":"https:\/\/www.famillegonnet.com\/dev\/product\/cotes-du-rhone-blanc-sans-millesime\/","title":{"rendered":"Les Promesses \u2022 C\u00f4tes-du-Rh\u00f4ne \u2022 Blanc"},"content":{"rendered":"\t\t<div data-elementor-type=\"product-post\" data-elementor-id=\"987974\" class=\"elementor elementor-987974\" data-elementor-post-type=\"product\">\n\t\t\t\t\t\t<section class=\"elementor-section elementor-top-section elementor-element elementor-element-291ac02 elementor-section-boxed elementor-section-height-default elementor-section-height-default\" data-id=\"291ac02\" data-element_type=\"section\" data-e-type=\"section\">\n\t\t\t\t\t\t<div class=\"elementor-container elementor-column-gap-default\">\n\t\t\t\t\t<div class=\"elementor-column elementor-col-100 elementor-top-column elementor-element elementor-element-b960f3f\" data-id=\"b960f3f\" data-element_type=\"column\" data-e-type=\"column\">\n\t\t\t<div class=\"elementor-widget-wrap elementor-element-populated\">\n\t\t\t\t\t\t<div class=\"elementor-element elementor-element-1b05cb1 elementor-widget elementor-widget-heading\" data-id=\"1b05cb1\" data-element_type=\"widget\" data-e-type=\"widget\" data-widget_type=\"heading.default\">\n\t\t\t\t<div class=\"elementor-widget-container\">\n\t\t\t\t\t<h5 class=\"elementor-heading-title elementor-size-default\">Informations techniques<\/h5>\t\t\t\t<\/div>\n\t\t\t\t<\/div>\n\t\t\t\t<div class=\"elementor-element elementor-element-b9044c3 elementor-widget elementor-widget-text-editor\" data-id=\"b9044c3\" data-element_type=\"widget\" data-e-type=\"widget\" data-widget_type=\"text-editor.default\">\n\t\t\t\t<div class=\"elementor-widget-container\">\n\t\t\t\t\t\t\t\t\t<h5><strong>R\u00e9gion<\/strong><\/h5><p>Domazan.<\/p><h5><strong>Exposition<\/strong><\/h5><p>Sud.<\/p><h5><strong>Composition du sol<\/strong><\/h5><p>Galets ronds en surface, terre rouge et argileuse.<\/p><h5><strong>C\u00e9pages<\/strong><\/h5><p>Viognier, Clairette, Grenache blanc et gris.<\/p><h5><strong>\u00c2ge des vignes<\/strong><\/h5><p>20 ans.<\/p><h5><strong>Densit\u00e9<\/strong><\/h5><p>3 000 vignes par hectare.<\/p><h5><strong>Vendanges<\/strong><\/h5><p>\u00c0 la main (un crit\u00e8re propre \u00e0 l\u2019A.O.C.).<\/p><h5><strong>Vinification<\/strong><\/h5><p>Traditionnelle en cuve inox \u00e0 basse temp\u00e9rature .<\/p><h5><strong>Malolactique \u2013 Oui\/Non<\/strong><\/h5><p>Non.<\/p><h5><strong>Sucres r\u00e9siduels<\/strong><\/h5><p>Moins de 2 grammes par litre.<\/p><h5><strong>Pourcentage d\u2019alcool<\/strong><\/h5><p>13%.<\/p><h5><strong>\u00c9levage<\/strong><\/h5><p>Cuves en inox.<\/p><h5><strong>Nombre de bouteilles<\/strong><\/h5><p>10 000.<\/p>\t\t\t\t\t\t\t\t<\/div>\n\t\t\t\t<\/div>\n\t\t\t\t<div class=\"elementor-element elementor-element-2f2b491 elementor-widget elementor-widget-heading\" data-id=\"2f2b491\" data-element_type=\"widget\" data-e-type=\"widget\" data-widget_type=\"heading.default\">\n\t\t\t\t<div class=\"elementor-widget-container\">\n\t\t\t\t\t<h5 class=\"elementor-heading-title elementor-size-default\">Note de d\u00e9gustation<\/h5>\t\t\t\t<\/div>\n\t\t\t\t<\/div>\n\t\t\t\t<div class=\"elementor-element elementor-element-7ab791d elementor-widget elementor-widget-text-editor\" data-id=\"7ab791d\" data-element_type=\"widget\" data-e-type=\"widget\" data-widget_type=\"text-editor.default\">\n\t\t\t\t<div class=\"elementor-widget-container\">\n\t\t\t\t\t\t\t\t\t<p>Floral, fruits \u00e0 chair blanche, complexe et bien \u00e9quilibr\u00e9.<\/p>\t\t\t\t\t\t\t\t<\/div>\n\t\t\t\t<\/div>\n\t\t\t\t<div class=\"elementor-element elementor-element-495ec43 elementor-widget elementor-widget-heading\" data-id=\"495ec43\" data-element_type=\"widget\" data-e-type=\"widget\" data-widget_type=\"heading.default\">\n\t\t\t\t<div class=\"elementor-widget-container\">\n\t\t\t\t\t<h5 class=\"elementor-heading-title elementor-size-default\">\u00c0 boire avec<\/h5>\t\t\t\t<\/div>\n\t\t\t\t<\/div>\n\t\t\t\t<div class=\"elementor-element elementor-element-899cd8c elementor-widget elementor-widget-text-editor\" data-id=\"899cd8c\" data-element_type=\"widget\" data-e-type=\"widget\" data-widget_type=\"text-editor.default\">\n\t\t\t\t<div class=\"elementor-widget-container\">\n\t\t\t\t\t\t\t\t\t<p>Crustac\u00e9s.<\/p>\t\t\t\t\t\t\t\t<\/div>\n\t\t\t\t<\/div>\n\t\t\t\t<section class=\"elementor-section elementor-inner-section elementor-element elementor-element-331d5f0 elementor-section-boxed elementor-section-height-default elementor-section-height-default\" data-id=\"331d5f0\" data-element_type=\"section\" data-e-type=\"section\">\n\t\t\t\t\t\t<div class=\"elementor-container elementor-column-gap-default\">\n\t\t\t\t\t<div class=\"elementor-column elementor-col-100 elementor-inner-column elementor-element elementor-element-bf06f9c\" data-id=\"bf06f9c\" data-element_type=\"column\" data-e-type=\"column\">\n\t\t\t<div class=\"elementor-widget-wrap elementor-element-populated\">\n\t\t\t\t\t\t\t<\/div>\n\t\t<\/div>\n\t\t\t\t\t<\/div>\n\t\t<\/section>\n\t\t\t\t\t<\/div>\n\t\t<\/div>\n\t\t\t\t\t<\/div>\n\t\t<\/section>\n\t\t\t\t<\/div>\n\t\t","protected":false},"excerpt":{"rendered":"<p>Nez subtil de fruit \u00e0 chair blanche, floral. Fruit\u00e9 et min\u00e9ral en final. Se d\u00e9guste en ap\u00e9ritif mais aussi avec des fruits de mers.<\/p>\n","protected":false},"featured_media":988822,"comment_status":"closed","ping_status":"closed","template":"","meta":[],"product_cat":[49],"product_tag":[],"class_list":{"0":"post-987974","1":"product","2":"type-product","3":"status-publish","4":"has-post-thumbnail","6":"product_cat-font-du-vent","8":"first","9":"instock","10":"shipping-taxable","11":"product-type-simple"},"_links":{"self":[{"href":"https:\/\/www.famillegonnet.com\/dev\/wp-json\/wp\/v2\/product\/987974","targetHints":{"allow":["GET"]}}],"collection":[{"href":"https:\/\/www.famillegonnet.com\/dev\/wp-json\/wp\/v2\/product"}],"about":[{"href":"https:\/\/www.famillegonnet.com\/dev\/wp-json\/wp\/v2\/types\/product"}],"replies":[{"embeddable":true,"href":"https:\/\/www.famillegonnet.com\/dev\/wp-json\/wp\/v2\/comments?post=987974"}],"version-history":[{"count":15,"href":"https:\/\/www.famillegonnet.com\/dev\/wp-json\/wp\/v2\/product\/987974\/revisions"}],"predecessor-version":[{"id":988918,"href":"https:\/\/www.famillegonnet.com\/dev\/wp-json\/wp\/v2\/product\/987974\/revisions\/988918"}],"wp:featuredmedia":[{"embeddable":true,"href":"https:\/\/www.famillegonnet.com\/dev\/wp-json\/wp\/v2\/media\/988822"}],"wp:attachment":[{"href":"https:\/\/www.famillegonnet.com\/dev\/wp-json\/wp\/v2\/media?parent=987974"}],"wp:term":[{"taxonomy":"product_cat","embeddable":true,"href":"https:\/\/www.famillegonnet.com\/dev\/wp-json\/wp\/v2\/product_cat?post=987974"},{"taxonomy":"product_tag","embeddable":true,"href":"https:\/\/www.famillegonnet.com\/dev\/wp-json\/wp\/v2\/product_tag?post=987974"}],"curies":[{"name":"wp","href":"https:\/\/api.w.org\/{rel}","templated":true}]}}