{"id":987962,"date":"2022-04-02T04:57:11","date_gmt":"2022-04-02T02:57:11","guid":{"rendered":"https:\/\/www.famillegonnet.com\/dev\/?post_type=product&#038;p=987962"},"modified":"2022-06-23T15:25:17","modified_gmt":"2022-06-23T13:25:17","slug":"la-reserve-chateauneuf-du-pape-blanc-sans-millesime","status":"publish","type":"product","link":"https:\/\/www.famillegonnet.com\/dev\/product\/la-reserve-chateauneuf-du-pape-blanc-sans-millesime\/","title":{"rendered":"\u201cLa R\u00e9serve\u201d \u2022 Ch\u00e2teauneuf-du-Pape \u2022 Blanc"},"content":{"rendered":"\t\t<div data-elementor-type=\"product-post\" data-elementor-id=\"987962\" class=\"elementor elementor-987962\" data-elementor-post-type=\"product\">\n\t\t\t\t\t\t<section class=\"elementor-section elementor-top-section elementor-element elementor-element-291ac02 elementor-section-boxed elementor-section-height-default elementor-section-height-default\" data-id=\"291ac02\" data-element_type=\"section\" data-e-type=\"section\">\n\t\t\t\t\t\t<div class=\"elementor-container elementor-column-gap-default\">\n\t\t\t\t\t<div class=\"elementor-column elementor-col-100 elementor-top-column elementor-element elementor-element-b960f3f\" data-id=\"b960f3f\" data-element_type=\"column\" data-e-type=\"column\">\n\t\t\t<div class=\"elementor-widget-wrap elementor-element-populated\">\n\t\t\t\t\t\t<div class=\"elementor-element elementor-element-1b05cb1 elementor-widget elementor-widget-heading\" data-id=\"1b05cb1\" data-element_type=\"widget\" data-e-type=\"widget\" data-widget_type=\"heading.default\">\n\t\t\t\t<div class=\"elementor-widget-container\">\n\t\t\t\t\t<h5 class=\"elementor-heading-title elementor-size-default\">Informations techniques<\/h5>\t\t\t\t<\/div>\n\t\t\t\t<\/div>\n\t\t\t\t<div class=\"elementor-element elementor-element-b9044c3 elementor-widget elementor-widget-text-editor\" data-id=\"b9044c3\" data-element_type=\"widget\" data-e-type=\"widget\" data-widget_type=\"text-editor.default\">\n\t\t\t\t<div class=\"elementor-widget-container\">\n\t\t\t\t\t\t\t\t\t<h5><strong>R\u00e9gion<\/strong><\/h5><p>Ch\u00e2teauneuf-du-Pape, vall\u00e9e du Rh\u00f4ne.<\/p><h5><strong>Exposition<\/strong><\/h5><p>Lieu dit \u201cFont de Michelle\u201d.<\/p><h5><strong>Composition du sol<\/strong><\/h5><p>Galets ronds en surface, terre rouge et argileuse.<\/p><h5><strong>C\u00e9pages<\/strong><\/h5><p>30 % Roussanne, 30 % Grenache blanc, 30 % Clairette, 10% Bourbonlenc.<\/p><h5><strong>\u00c2ge des vignes<\/strong><\/h5><p>70 ans.<\/p><h5><strong>Densit\u00e9<\/strong><\/h5><p>3 000 vignes par hectare.<\/p><h5><strong>Vendanges<\/strong><\/h5><p>\u00c0 la main (un crit\u00e8re propre \u00e0 l\u2019A.O.C.).<\/p><h5><strong>Vinification<\/strong><\/h5><p>Cuves en inox.<\/p><h5><strong>Malolactique \u2013 Oui\/Non<\/strong><\/h5><p>Oui.<\/p><h5><strong>Sucres r\u00e9siduels<\/strong><\/h5><p>Moins de 2 grammes par litre.<\/p><h5><strong>Pourcentage d\u2019alcool<\/strong><\/h5><p>14,5%.<\/p><h5><strong>\u00c9levage<\/strong><\/h5><p>Cuves en inox.<\/p><h5><strong>Nombre de bouteilles<\/strong><\/h5><p>10 000.<\/p>\t\t\t\t\t\t\t\t<\/div>\n\t\t\t\t<\/div>\n\t\t\t\t<div class=\"elementor-element elementor-element-2f2b491 elementor-widget elementor-widget-heading\" data-id=\"2f2b491\" data-element_type=\"widget\" data-e-type=\"widget\" data-widget_type=\"heading.default\">\n\t\t\t\t<div class=\"elementor-widget-container\">\n\t\t\t\t\t<h5 class=\"elementor-heading-title elementor-size-default\">Note de d\u00e9gustation<\/h5>\t\t\t\t<\/div>\n\t\t\t\t<\/div>\n\t\t\t\t<div class=\"elementor-element elementor-element-7ab791d elementor-widget elementor-widget-text-editor\" data-id=\"7ab791d\" data-element_type=\"widget\" data-e-type=\"widget\" data-widget_type=\"text-editor.default\">\n\t\t\t\t<div class=\"elementor-widget-container\">\n\t\t\t\t\t\t\t\t\t<p><span class=\"\">Fleurs blanches fra\u00eechement cueillies, agrumes, poire, fruits tropicaux, notes de\u00a0<\/span><span class=\"\">miel d\u2019acacia et abricot.<\/span><\/p>\t\t\t\t\t\t\t\t<\/div>\n\t\t\t\t<\/div>\n\t\t\t\t<div class=\"elementor-element elementor-element-495ec43 elementor-widget elementor-widget-heading\" data-id=\"495ec43\" data-element_type=\"widget\" data-e-type=\"widget\" data-widget_type=\"heading.default\">\n\t\t\t\t<div class=\"elementor-widget-container\">\n\t\t\t\t\t<h5 class=\"elementor-heading-title elementor-size-default\">\u00c0 boire avec<\/h5>\t\t\t\t<\/div>\n\t\t\t\t<\/div>\n\t\t\t\t<div class=\"elementor-element elementor-element-899cd8c elementor-widget elementor-widget-text-editor\" data-id=\"899cd8c\" data-element_type=\"widget\" data-e-type=\"widget\" data-widget_type=\"text-editor.default\">\n\t\t\t\t<div class=\"elementor-widget-container\">\n\t\t\t\t\t\t\t\t\t<div class=\"\"><span class=\"\">Merveilleux avec les fruits de mer, en particulier les p\u00e9toncles frais, le homard, le poisson,\u00a0<\/span><span class=\"\">ou servi \u00e0 l\u2019ap\u00e9ritif avec des hu\u00eetres fra\u00eechement \u00e9pluch\u00e9es.<\/span><\/div><div class=\"\"><span class=\"\">Les blancs vieillis se marient \u00e0 merveille avec le roquefort ou le comt\u00e9 ou\u00a0<\/span><span class=\"\">servi comme alternative au vin doux avec du foie gras<\/span>.<\/div>\t\t\t\t\t\t\t\t<\/div>\n\t\t\t\t<\/div>\n\t\t\t\t<section class=\"elementor-section elementor-inner-section elementor-element elementor-element-331d5f0 elementor-section-boxed elementor-section-height-default elementor-section-height-default\" data-id=\"331d5f0\" data-element_type=\"section\" data-e-type=\"section\">\n\t\t\t\t\t\t<div class=\"elementor-container elementor-column-gap-default\">\n\t\t\t\t\t<div class=\"elementor-column elementor-col-100 elementor-inner-column elementor-element elementor-element-bf06f9c\" data-id=\"bf06f9c\" data-element_type=\"column\" data-e-type=\"column\">\n\t\t\t<div class=\"elementor-widget-wrap elementor-element-populated\">\n\t\t\t\t\t\t\t<\/div>\n\t\t<\/div>\n\t\t\t\t\t<\/div>\n\t\t<\/section>\n\t\t\t\t\t<\/div>\n\t\t<\/div>\n\t\t\t\t\t<\/div>\n\t\t<\/section>\n\t\t\t\t<\/div>\n\t\t","protected":false},"excerpt":{"rendered":"<p>Issu du lieu dit \u201cFont de Michelle\u201d, \u201cLa R\u00e9serve\u201d est un vin blanc \u00e9l\u00e9gant et min\u00e9ral.<\/p>\n","protected":false},"featured_media":987963,"comment_status":"closed","ping_status":"closed","template":"","meta":[],"product_cat":[50],"product_tag":[],"class_list":{"0":"post-987962","1":"product","2":"type-product","3":"status-publish","4":"has-post-thumbnail","6":"product_cat-font-de-michelle","8":"first","9":"instock","10":"shipping-taxable","11":"product-type-simple"},"_links":{"self":[{"href":"https:\/\/www.famillegonnet.com\/dev\/wp-json\/wp\/v2\/product\/987962","targetHints":{"allow":["GET"]}}],"collection":[{"href":"https:\/\/www.famillegonnet.com\/dev\/wp-json\/wp\/v2\/product"}],"about":[{"href":"https:\/\/www.famillegonnet.com\/dev\/wp-json\/wp\/v2\/types\/product"}],"replies":[{"embeddable":true,"href":"https:\/\/www.famillegonnet.com\/dev\/wp-json\/wp\/v2\/comments?post=987962"}],"version-history":[{"count":9,"href":"https:\/\/www.famillegonnet.com\/dev\/wp-json\/wp\/v2\/product\/987962\/revisions"}],"predecessor-version":[{"id":988716,"href":"https:\/\/www.famillegonnet.com\/dev\/wp-json\/wp\/v2\/product\/987962\/revisions\/988716"}],"wp:featuredmedia":[{"embeddable":true,"href":"https:\/\/www.famillegonnet.com\/dev\/wp-json\/wp\/v2\/media\/987963"}],"wp:attachment":[{"href":"https:\/\/www.famillegonnet.com\/dev\/wp-json\/wp\/v2\/media?parent=987962"}],"wp:term":[{"taxonomy":"product_cat","embeddable":true,"href":"https:\/\/www.famillegonnet.com\/dev\/wp-json\/wp\/v2\/product_cat?post=987962"},{"taxonomy":"product_tag","embeddable":true,"href":"https:\/\/www.famillegonnet.com\/dev\/wp-json\/wp\/v2\/product_tag?post=987962"}],"curies":[{"name":"wp","href":"https:\/\/api.w.org\/{rel}","templated":true}]}}