{"id":987953,"date":"2022-04-02T01:52:44","date_gmt":"2022-04-01T23:52:44","guid":{"rendered":"https:\/\/www.famillegonnet.com\/dev\/?post_type=product&#038;p=987953"},"modified":"2022-07-14T19:00:38","modified_gmt":"2022-07-14T17:00:38","slug":"les-promesses-cotes-du-rhone-rouge-sans-millesime","status":"publish","type":"product","link":"https:\/\/www.famillegonnet.com\/dev\/product\/les-promesses-cotes-du-rhone-rouge-sans-millesime\/","title":{"rendered":"Les Promesses \u2022 C\u00f4tes-du-Rh\u00f4ne \u2022 Rouge"},"content":{"rendered":"\t\t<div data-elementor-type=\"product-post\" data-elementor-id=\"987953\" class=\"elementor elementor-987953\" data-elementor-post-type=\"product\">\n\t\t\t\t\t\t<section class=\"elementor-section elementor-top-section elementor-element elementor-element-291ac02 elementor-section-boxed elementor-section-height-default elementor-section-height-default\" data-id=\"291ac02\" data-element_type=\"section\" data-e-type=\"section\">\n\t\t\t\t\t\t<div class=\"elementor-container elementor-column-gap-default\">\n\t\t\t\t\t<div class=\"elementor-column elementor-col-100 elementor-top-column elementor-element elementor-element-b960f3f\" data-id=\"b960f3f\" data-element_type=\"column\" data-e-type=\"column\">\n\t\t\t<div class=\"elementor-widget-wrap elementor-element-populated\">\n\t\t\t\t\t\t<div class=\"elementor-element elementor-element-1b05cb1 elementor-widget elementor-widget-heading\" data-id=\"1b05cb1\" data-element_type=\"widget\" data-e-type=\"widget\" data-widget_type=\"heading.default\">\n\t\t\t\t<div class=\"elementor-widget-container\">\n\t\t\t\t\t<h5 class=\"elementor-heading-title elementor-size-default\">Informations techniques<\/h5>\t\t\t\t<\/div>\n\t\t\t\t<\/div>\n\t\t\t\t<div class=\"elementor-element elementor-element-b9044c3 elementor-widget elementor-widget-text-editor\" data-id=\"b9044c3\" data-element_type=\"widget\" data-e-type=\"widget\" data-widget_type=\"text-editor.default\">\n\t\t\t\t<div class=\"elementor-widget-container\">\n\t\t\t\t\t\t\t\t\t<h5><strong>R\u00e9gion<\/strong><\/h5><p>Domazan, vall\u00e9e du Rh\u00f4ne.<\/p><h5><strong>Exposition<\/strong><\/h5><p>Orient\u00e9e nord.<\/p><h5><strong>Composition du sol<\/strong><\/h5><p>Argile l\u00e9g\u00e8re et sols calcaires en terrasses.<\/p><h5><strong>C\u00e9pages<\/strong><\/h5><p>70% Grenache, 30% Syrah.<\/p><h5><strong>\u00c2ge des vignes<\/strong><\/h5><p>Entre 25 et 40 ans.<\/p><h5><strong>Densit\u00e9<\/strong><\/h5><p>4 000 vignes par hectare.<\/p><h5><strong>Vendanges<\/strong><\/h5><p>\u00c0 la main.<\/p><h5><strong>\u00c9grapp\u00e9s<\/strong><\/h5><p>100 %.<\/p><h5><strong>Dur\u00e9e et processus de fermentation<\/strong><\/h5><p>15 \u00e0 20 jours de fermentation et de mac\u00e9ration.<\/p><h5><strong>Levure<\/strong><\/h5><p>Naturelle.<\/p><h5><strong>Malolactique \u2013 Oui\/Non<\/strong><\/h5><p>Oui.<\/p><h5><strong>Sucres r\u00e9siduels<\/strong><\/h5><p>Moins de 2 grammes par litre.<\/p><h5><strong>Pourcentage d\u2019alcool<\/strong><\/h5><p>14%.<\/p><h5><strong>\u00c9levage<\/strong><\/h5><p>12 mois en cuves d\u2019acier inoxydable et b\u00e9ton.<\/p><h5><strong>Nombre de bouteilles<\/strong><\/h5><p>80 000 bouteilles.<\/p>\t\t\t\t\t\t\t\t<\/div>\n\t\t\t\t<\/div>\n\t\t\t\t<div class=\"elementor-element elementor-element-2f2b491 elementor-widget elementor-widget-heading\" data-id=\"2f2b491\" data-element_type=\"widget\" data-e-type=\"widget\" data-widget_type=\"heading.default\">\n\t\t\t\t<div class=\"elementor-widget-container\">\n\t\t\t\t\t<h5 class=\"elementor-heading-title elementor-size-default\">Note de d\u00e9gustation<\/h5>\t\t\t\t<\/div>\n\t\t\t\t<\/div>\n\t\t\t\t<div class=\"elementor-element elementor-element-7ab791d elementor-widget elementor-widget-text-editor\" data-id=\"7ab791d\" data-element_type=\"widget\" data-e-type=\"widget\" data-widget_type=\"text-editor.default\">\n\t\t\t\t<div class=\"elementor-widget-container\">\n\t\t\t\t\t\t\t\t\t<p>Une bouch\u00e9e de fruits rouges et de r\u00e9glisse, avec une note \u00e9pic\u00e9e.\u00a0Un vin facile et savoureux.<\/p>\t\t\t\t\t\t\t\t<\/div>\n\t\t\t\t<\/div>\n\t\t\t\t<div class=\"elementor-element elementor-element-495ec43 elementor-widget elementor-widget-heading\" data-id=\"495ec43\" data-element_type=\"widget\" data-e-type=\"widget\" data-widget_type=\"heading.default\">\n\t\t\t\t<div class=\"elementor-widget-container\">\n\t\t\t\t\t<h5 class=\"elementor-heading-title elementor-size-default\">\u00c0 boire avec<\/h5>\t\t\t\t<\/div>\n\t\t\t\t<\/div>\n\t\t\t\t<div class=\"elementor-element elementor-element-899cd8c elementor-widget elementor-widget-text-editor\" data-id=\"899cd8c\" data-element_type=\"widget\" data-e-type=\"widget\" data-widget_type=\"text-editor.default\">\n\t\t\t\t<div class=\"elementor-widget-container\">\n\t\t\t\t\t\t\t\t\t<p>Les Promesses se marie tr\u00e8s bien avec des plats \u00e9pic\u00e9s, tel que\u00a0les couscous ou les curry, ainsi qu\u2019avec la viande au barbecue et le\u00a0fromage. Excellent \u00e0 l\u2019ap\u00e9ritif \u00e9galement.<\/p>\t\t\t\t\t\t\t\t<\/div>\n\t\t\t\t<\/div>\n\t\t\t\t<section class=\"elementor-section elementor-inner-section elementor-element elementor-element-331d5f0 elementor-section-boxed elementor-section-height-default elementor-section-height-default\" data-id=\"331d5f0\" data-element_type=\"section\" data-e-type=\"section\">\n\t\t\t\t\t\t<div class=\"elementor-container elementor-column-gap-default\">\n\t\t\t\t\t<div class=\"elementor-column elementor-col-100 elementor-inner-column elementor-element elementor-element-bf06f9c\" data-id=\"bf06f9c\" data-element_type=\"column\" data-e-type=\"column\">\n\t\t\t<div class=\"elementor-widget-wrap elementor-element-populated\">\n\t\t\t\t\t\t\t<\/div>\n\t\t<\/div>\n\t\t\t\t\t<\/div>\n\t\t<\/section>\n\t\t\t\t\t<\/div>\n\t\t<\/div>\n\t\t\t\t\t<\/div>\n\t\t<\/section>\n\t\t\t\t<\/div>\n\t\t","protected":false},"excerpt":{"rendered":"<p>Ce vin est merveilleusement riche,\u00a0d\u00e9ployant des ar\u00f4mes de fruits rouges et noirs avec une finale\u00a0poivr\u00e9e.<\/p>\n","protected":false},"featured_media":987954,"comment_status":"closed","ping_status":"closed","template":"","meta":[],"product_cat":[49],"product_tag":[],"class_list":{"0":"post-987953","1":"product","2":"type-product","3":"status-publish","4":"has-post-thumbnail","6":"product_cat-font-du-vent","8":"first","9":"instock","10":"shipping-taxable","11":"product-type-simple"},"_links":{"self":[{"href":"https:\/\/www.famillegonnet.com\/dev\/wp-json\/wp\/v2\/product\/987953","targetHints":{"allow":["GET"]}}],"collection":[{"href":"https:\/\/www.famillegonnet.com\/dev\/wp-json\/wp\/v2\/product"}],"about":[{"href":"https:\/\/www.famillegonnet.com\/dev\/wp-json\/wp\/v2\/types\/product"}],"replies":[{"embeddable":true,"href":"https:\/\/www.famillegonnet.com\/dev\/wp-json\/wp\/v2\/comments?post=987953"}],"version-history":[{"count":12,"href":"https:\/\/www.famillegonnet.com\/dev\/wp-json\/wp\/v2\/product\/987953\/revisions"}],"predecessor-version":[{"id":989025,"href":"https:\/\/www.famillegonnet.com\/dev\/wp-json\/wp\/v2\/product\/987953\/revisions\/989025"}],"wp:featuredmedia":[{"embeddable":true,"href":"https:\/\/www.famillegonnet.com\/dev\/wp-json\/wp\/v2\/media\/987954"}],"wp:attachment":[{"href":"https:\/\/www.famillegonnet.com\/dev\/wp-json\/wp\/v2\/media?parent=987953"}],"wp:term":[{"taxonomy":"product_cat","embeddable":true,"href":"https:\/\/www.famillegonnet.com\/dev\/wp-json\/wp\/v2\/product_cat?post=987953"},{"taxonomy":"product_tag","embeddable":true,"href":"https:\/\/www.famillegonnet.com\/dev\/wp-json\/wp\/v2\/product_tag?post=987953"}],"curies":[{"name":"wp","href":"https:\/\/api.w.org\/{rel}","templated":true}]}}