{"id":988862,"date":"2022-06-17T15:47:27","date_gmt":"2022-06-17T13:47:27","guid":{"rendered":"https:\/\/www.famillegonnet.com\/dev\/?page_id=988862"},"modified":"2022-07-18T22:45:00","modified_gmt":"2022-07-18T20:45:00","slug":"les-vins-de-leonard","status":"publish","type":"page","link":"https:\/\/www.famillegonnet.com\/dev\/les-vins-de-leonard\/","title":{"rendered":"Les vins de L\u00e9onard"},"content":{"rendered":"\t\t<div data-elementor-type=\"wp-page\" data-elementor-id=\"988862\" class=\"elementor elementor-988862\" data-elementor-post-type=\"page\">\n\t\t\t\t\t\t<section class=\"elementor-section elementor-top-section elementor-element elementor-element-4df75ad1 elementor-section-height-min-height elementor-section-content-bottom elementor-section-full_width elementor-section-height-default elementor-section-items-middle\" data-id=\"4df75ad1\" data-element_type=\"section\" data-e-type=\"section\" data-settings=\"{&quot;background_background&quot;:&quot;classic&quot;}\">\n\t\t\t\t\t\t\t<div class=\"elementor-background-overlay\"><\/div>\n\t\t\t\t\t\t\t<div class=\"elementor-container elementor-column-gap-default\">\n\t\t\t\t\t<div class=\"elementor-column elementor-col-100 elementor-top-column elementor-element elementor-element-4b8a3148\" data-id=\"4b8a3148\" data-element_type=\"column\" data-e-type=\"column\">\n\t\t\t<div class=\"elementor-widget-wrap\">\n\t\t\t\t\t\t\t<\/div>\n\t\t<\/div>\n\t\t\t\t\t<\/div>\n\t\t<\/section>\n\t\t\t\t<section class=\"elementor-section elementor-top-section elementor-element elementor-element-367b4d9f elementor-section-boxed elementor-section-height-default elementor-section-height-default\" data-id=\"367b4d9f\" data-element_type=\"section\" data-e-type=\"section\">\n\t\t\t\t\t\t<div class=\"elementor-container elementor-column-gap-default\">\n\t\t\t\t\t<div class=\"elementor-column elementor-col-100 elementor-top-column elementor-element elementor-element-29a6f948\" data-id=\"29a6f948\" data-element_type=\"column\" data-e-type=\"column\">\n\t\t\t<div class=\"elementor-widget-wrap elementor-element-populated\">\n\t\t\t\t\t\t<div class=\"elementor-element elementor-element-5ee4923 elementor-widget elementor-widget-heading\" data-id=\"5ee4923\" data-element_type=\"widget\" data-e-type=\"widget\" data-widget_type=\"heading.default\">\n\t\t\t\t<div class=\"elementor-widget-container\">\n\t\t\t\t\t<h2 class=\"elementor-heading-title elementor-size-default\">Le vin de L\u00e9onard<\/h2>\t\t\t\t<\/div>\n\t\t\t\t<\/div>\n\t\t\t\t<div class=\"elementor-element elementor-element-c720f61 elementor-widget elementor-widget-text-editor\" data-id=\"c720f61\" data-element_type=\"widget\" data-e-type=\"widget\" data-widget_type=\"text-editor.default\">\n\t\t\t\t<div class=\"elementor-widget-container\">\n\t\t\t\t\t\t\t\t\t<p>Un hommage \u00e0 L\u00e9onard, le premier des Gonnet \u00e0 cultiver la vigne d\u00e8s 1850.<\/p><p>Ces vins sont une ode \u00e0 notre belle vall\u00e9e du Rh\u00f4ne et \u00e0 ces diff\u00e9rentes appellations.<\/p><p>Des vins d\u2019une grande puret\u00e9 aromatique o\u00f9 le plaisir est seul ma\u00eetre mot.<\/p>\t\t\t\t\t\t\t\t<\/div>\n\t\t\t\t<\/div>\n\t\t\t\t\t<\/div>\n\t\t<\/div>\n\t\t\t\t\t<\/div>\n\t\t<\/section>\n\t\t\t\t<section class=\"elementor-section elementor-top-section elementor-element elementor-element-718bf63d elementor-section-boxed elementor-section-height-default elementor-section-height-default\" data-id=\"718bf63d\" data-element_type=\"section\" data-e-type=\"section\">\n\t\t\t\t\t\t<div class=\"elementor-container elementor-column-gap-default\">\n\t\t\t\t\t<div class=\"elementor-column elementor-col-100 elementor-top-column elementor-element elementor-element-5507451d\" data-id=\"5507451d\" data-element_type=\"column\" data-e-type=\"column\">\n\t\t\t<div class=\"elementor-widget-wrap elementor-element-populated\">\n\t\t\t\t\t\t<div class=\"elementor-element elementor-element-381a2ad0 elementor-grid-4 elementor-grid-tablet-3 elementor-grid-mobile-2 elementor-products-grid elementor-wc-products elementor-widget elementor-widget-woocommerce-products\" data-id=\"381a2ad0\" data-element_type=\"widget\" data-e-type=\"widget\" data-widget_type=\"woocommerce-products.default\">\n\t\t\t\t<div class=\"elementor-widget-container\">\n\t\t\t\t\t<div class=\"woocommerce columns-4 \"><ul class=\"products elementor-grid vamtam-wc columns-4\">\n<li class=\"product type-product post-987977 status-publish first instock product_cat-vins-de-leonard has-post-thumbnail shipping-taxable product-type-simple\">\n\t<a href=\"https:\/\/www.famillegonnet.com\/dev\/product\/cotes-du-rhone-rose-sans-millesime\/\" class=\"woocommerce-LoopProduct-link woocommerce-loop-product__link\"><img fetchpriority=\"high\" decoding=\"async\" width=\"315\" height=\"473\" src=\"https:\/\/www.famillegonnet.com\/dev\/wp-content\/uploads\/2022\/04\/Cotes-du-Rhone-rose-sans-millesime-315x473.png\" class=\"attachment-woocommerce_thumbnail size-woocommerce_thumbnail\" alt=\"\" srcset=\"https:\/\/www.famillegonnet.com\/dev\/wp-content\/uploads\/2022\/04\/Cotes-du-Rhone-rose-sans-millesime-315x473.png 315w, https:\/\/www.famillegonnet.com\/dev\/wp-content\/uploads\/2022\/04\/Cotes-du-Rhone-rose-sans-millesime-200x300.png 200w, https:\/\/www.famillegonnet.com\/dev\/wp-content\/uploads\/2022\/04\/Cotes-du-Rhone-rose-sans-millesime-683x1024.png 683w, https:\/\/www.famillegonnet.com\/dev\/wp-content\/uploads\/2022\/04\/Cotes-du-Rhone-rose-sans-millesime-768x1152.png 768w, https:\/\/www.famillegonnet.com\/dev\/wp-content\/uploads\/2022\/04\/Cotes-du-Rhone-rose-sans-millesime-630x945.png 630w, https:\/\/www.famillegonnet.com\/dev\/wp-content\/uploads\/2022\/04\/Cotes-du-Rhone-rose-sans-millesime.png 800w\" sizes=\"(max-width: 315px) 100vw, 315px\" \/>\t\t\t<\/a>\t\t\t<!-- Open content -->\n\t\t\t<div class=\"vamtam-product-content\">\n\t\t\t<a href=\"https:\/\/www.famillegonnet.com\/dev\/product\/cotes-du-rhone-rose-sans-millesime\/\" class=\"woocommerce-LoopProduct-link woocommerce-loop-product__link\"><h2 class=\"woocommerce-loop-product__title\">Le vin de L\u00e9onard \u2022 C\u00f4tes-du-Rh\u00f4ne \u2022 Ros\u00e9<\/h2>\t\t\t\t\t<\/a><div class=\"vamtam-product-cats\"><a href=\"https:\/\/www.famillegonnet.com\/dev\/product-category\/vins-de-leonard\/\" rel=\"tag\">Vins de Leonard<\/a><\/div>\n\t\t\t<\/div>\n\t\t\t<!-- Close content -->\n\t\t\t<div class=\"vamtam-add-to-cart-wrap\"><a href=\"https:\/\/www.famillegonnet.com\/dev\/product\/cotes-du-rhone-rose-sans-millesime\/\" aria-describedby=\"woocommerce_loop_add_to_cart_link_describedby_987977\" data-quantity=\"1\" class=\"button product_type_simple\" data-product_id=\"987977\" data-product_sku=\"\" aria-label=\"En savoir plus sur &ldquo;Le vin de L\u00e9onard \u2022 C\u00f4tes-du-Rh\u00f4ne \u2022 Ros\u00e9&rdquo;\" rel=\"nofollow\" data-success_message=\"\">Lire la suite<\/a><\/div>\t<span id=\"woocommerce_loop_add_to_cart_link_describedby_987977\" class=\"screen-reader-text\">\n\t\t\t<\/span>\n\t\t<\/li>\n<li class=\"product type-product post-987981 status-publish instock product_cat-vins-de-leonard has-post-thumbnail shipping-taxable product-type-simple\">\n\t<a href=\"https:\/\/www.famillegonnet.com\/dev\/product\/cotes-du-rhone-rouge-sans-millesime\/\" class=\"woocommerce-LoopProduct-link woocommerce-loop-product__link\"><img decoding=\"async\" width=\"315\" height=\"473\" src=\"https:\/\/www.famillegonnet.com\/dev\/wp-content\/uploads\/2022\/04\/Cotes-du-Rhone-rouge-sans-millesime-315x473.png\" class=\"attachment-woocommerce_thumbnail size-woocommerce_thumbnail\" alt=\"\" srcset=\"https:\/\/www.famillegonnet.com\/dev\/wp-content\/uploads\/2022\/04\/Cotes-du-Rhone-rouge-sans-millesime-315x473.png 315w, https:\/\/www.famillegonnet.com\/dev\/wp-content\/uploads\/2022\/04\/Cotes-du-Rhone-rouge-sans-millesime-200x300.png 200w, https:\/\/www.famillegonnet.com\/dev\/wp-content\/uploads\/2022\/04\/Cotes-du-Rhone-rouge-sans-millesime-683x1024.png 683w, https:\/\/www.famillegonnet.com\/dev\/wp-content\/uploads\/2022\/04\/Cotes-du-Rhone-rouge-sans-millesime-768x1152.png 768w, https:\/\/www.famillegonnet.com\/dev\/wp-content\/uploads\/2022\/04\/Cotes-du-Rhone-rouge-sans-millesime-630x945.png 630w, https:\/\/www.famillegonnet.com\/dev\/wp-content\/uploads\/2022\/04\/Cotes-du-Rhone-rouge-sans-millesime.png 800w\" sizes=\"(max-width: 315px) 100vw, 315px\" \/>\t\t\t<\/a>\t\t\t<!-- Open content -->\n\t\t\t<div class=\"vamtam-product-content\">\n\t\t\t<a href=\"https:\/\/www.famillegonnet.com\/dev\/product\/cotes-du-rhone-rouge-sans-millesime\/\" class=\"woocommerce-LoopProduct-link woocommerce-loop-product__link\"><h2 class=\"woocommerce-loop-product__title\">Le vin de L\u00e9onard \u2022 C\u00f4tes-du-Rh\u00f4ne \u2022 Rouge<\/h2>\t\t\t\t\t<\/a><div class=\"vamtam-product-cats\"><a href=\"https:\/\/www.famillegonnet.com\/dev\/product-category\/vins-de-leonard\/\" rel=\"tag\">Vins de Leonard<\/a><\/div>\n\t\t\t<\/div>\n\t\t\t<!-- Close content -->\n\t\t\t<div class=\"vamtam-add-to-cart-wrap\"><a href=\"https:\/\/www.famillegonnet.com\/dev\/product\/cotes-du-rhone-rouge-sans-millesime\/\" aria-describedby=\"woocommerce_loop_add_to_cart_link_describedby_987981\" data-quantity=\"1\" class=\"button product_type_simple\" data-product_id=\"987981\" data-product_sku=\"\" aria-label=\"En savoir plus sur &ldquo;Le vin de L\u00e9onard \u2022 C\u00f4tes-du-Rh\u00f4ne \u2022 Rouge&rdquo;\" rel=\"nofollow\" data-success_message=\"\">Lire la suite<\/a><\/div>\t<span id=\"woocommerce_loop_add_to_cart_link_describedby_987981\" class=\"screen-reader-text\">\n\t\t\t<\/span>\n\t\t<\/li>\n<li class=\"product type-product post-987971 status-publish instock product_cat-vins-de-leonard has-post-thumbnail shipping-taxable product-type-simple\">\n\t<a href=\"https:\/\/www.famillegonnet.com\/dev\/product\/cairanne-sans-millesime\/\" class=\"woocommerce-LoopProduct-link woocommerce-loop-product__link\"><img decoding=\"async\" width=\"315\" height=\"473\" src=\"https:\/\/www.famillegonnet.com\/dev\/wp-content\/uploads\/2022\/04\/Vin-de-Leonard-Cairanne-sans-millesime-1-315x473.png\" class=\"attachment-woocommerce_thumbnail size-woocommerce_thumbnail\" alt=\"\" srcset=\"https:\/\/www.famillegonnet.com\/dev\/wp-content\/uploads\/2022\/04\/Vin-de-Leonard-Cairanne-sans-millesime-1-315x473.png 315w, https:\/\/www.famillegonnet.com\/dev\/wp-content\/uploads\/2022\/04\/Vin-de-Leonard-Cairanne-sans-millesime-1-200x300.png 200w, https:\/\/www.famillegonnet.com\/dev\/wp-content\/uploads\/2022\/04\/Vin-de-Leonard-Cairanne-sans-millesime-1-683x1024.png 683w, https:\/\/www.famillegonnet.com\/dev\/wp-content\/uploads\/2022\/04\/Vin-de-Leonard-Cairanne-sans-millesime-1-768x1152.png 768w, https:\/\/www.famillegonnet.com\/dev\/wp-content\/uploads\/2022\/04\/Vin-de-Leonard-Cairanne-sans-millesime-1-630x945.png 630w, https:\/\/www.famillegonnet.com\/dev\/wp-content\/uploads\/2022\/04\/Vin-de-Leonard-Cairanne-sans-millesime-1.png 800w\" sizes=\"(max-width: 315px) 100vw, 315px\" \/>\t\t\t<\/a>\t\t\t<!-- Open content -->\n\t\t\t<div class=\"vamtam-product-content\">\n\t\t\t<a href=\"https:\/\/www.famillegonnet.com\/dev\/product\/cairanne-sans-millesime\/\" class=\"woocommerce-LoopProduct-link woocommerce-loop-product__link\"><h2 class=\"woocommerce-loop-product__title\">Le vin de L\u00e9onard \u2022 Cairanne \u2022 Rouge<\/h2>\t\t\t\t\t<\/a><div class=\"vamtam-product-cats\"><a href=\"https:\/\/www.famillegonnet.com\/dev\/product-category\/vins-de-leonard\/\" rel=\"tag\">Vins de Leonard<\/a><\/div>\n\t\t\t<\/div>\n\t\t\t<!-- Close content -->\n\t\t\t<div class=\"vamtam-add-to-cart-wrap\"><a href=\"https:\/\/www.famillegonnet.com\/dev\/product\/cairanne-sans-millesime\/\" aria-describedby=\"woocommerce_loop_add_to_cart_link_describedby_987971\" data-quantity=\"1\" class=\"button product_type_simple\" data-product_id=\"987971\" data-product_sku=\"\" aria-label=\"En savoir plus sur &ldquo;Le vin de L\u00e9onard \u2022 Cairanne \u2022 Rouge&rdquo;\" rel=\"nofollow\" data-success_message=\"\">Lire la suite<\/a><\/div>\t<span id=\"woocommerce_loop_add_to_cart_link_describedby_987971\" class=\"screen-reader-text\">\n\t\t\t<\/span>\n\t\t<\/li>\n<li class=\"product type-product post-987987 status-publish last instock product_cat-vins-de-leonard has-post-thumbnail shipping-taxable product-type-simple\">\n\t<a href=\"https:\/\/www.famillegonnet.com\/dev\/product\/rasteau\/\" class=\"woocommerce-LoopProduct-link woocommerce-loop-product__link\"><img loading=\"lazy\" decoding=\"async\" width=\"315\" height=\"473\" src=\"https:\/\/www.famillegonnet.com\/dev\/wp-content\/uploads\/2022\/04\/Rasteau-315x473.png\" class=\"attachment-woocommerce_thumbnail size-woocommerce_thumbnail\" alt=\"\" srcset=\"https:\/\/www.famillegonnet.com\/dev\/wp-content\/uploads\/2022\/04\/Rasteau-315x473.png 315w, https:\/\/www.famillegonnet.com\/dev\/wp-content\/uploads\/2022\/04\/Rasteau-200x300.png 200w, https:\/\/www.famillegonnet.com\/dev\/wp-content\/uploads\/2022\/04\/Rasteau-683x1024.png 683w, https:\/\/www.famillegonnet.com\/dev\/wp-content\/uploads\/2022\/04\/Rasteau-768x1152.png 768w, https:\/\/www.famillegonnet.com\/dev\/wp-content\/uploads\/2022\/04\/Rasteau-630x945.png 630w, https:\/\/www.famillegonnet.com\/dev\/wp-content\/uploads\/2022\/04\/Rasteau.png 800w\" sizes=\"(max-width: 315px) 100vw, 315px\" \/>\t\t\t<\/a>\t\t\t<!-- Open content -->\n\t\t\t<div class=\"vamtam-product-content\">\n\t\t\t<a href=\"https:\/\/www.famillegonnet.com\/dev\/product\/rasteau\/\" class=\"woocommerce-LoopProduct-link woocommerce-loop-product__link\"><h2 class=\"woocommerce-loop-product__title\">Le vin de L\u00e9onard &#8211; Rasteau<\/h2>\t\t\t\t\t<\/a><div class=\"vamtam-product-cats\"><a href=\"https:\/\/www.famillegonnet.com\/dev\/product-category\/vins-de-leonard\/\" rel=\"tag\">Vins de Leonard<\/a><\/div>\n\t\t\t<\/div>\n\t\t\t<!-- Close content -->\n\t\t\t<div class=\"vamtam-add-to-cart-wrap\"><a href=\"https:\/\/www.famillegonnet.com\/dev\/product\/rasteau\/\" aria-describedby=\"woocommerce_loop_add_to_cart_link_describedby_987987\" data-quantity=\"1\" class=\"button product_type_simple\" data-product_id=\"987987\" data-product_sku=\"\" aria-label=\"En savoir plus sur &ldquo;Le vin de L\u00e9onard - Rasteau&rdquo;\" rel=\"nofollow\" data-success_message=\"\">Lire la suite<\/a><\/div>\t<span id=\"woocommerce_loop_add_to_cart_link_describedby_987987\" class=\"screen-reader-text\">\n\t\t\t<\/span>\n\t\t<\/li>\n<li class=\"product type-product post-987990 status-publish first instock product_cat-vins-de-leonard has-post-thumbnail shipping-taxable product-type-simple\">\n\t<a href=\"https:\/\/www.famillegonnet.com\/dev\/product\/vacqueyras\/\" class=\"woocommerce-LoopProduct-link woocommerce-loop-product__link\"><img loading=\"lazy\" decoding=\"async\" width=\"315\" height=\"473\" src=\"https:\/\/www.famillegonnet.com\/dev\/wp-content\/uploads\/2022\/04\/Vacqueyras-315x473.png\" class=\"attachment-woocommerce_thumbnail size-woocommerce_thumbnail\" alt=\"\" srcset=\"https:\/\/www.famillegonnet.com\/dev\/wp-content\/uploads\/2022\/04\/Vacqueyras-315x473.png 315w, https:\/\/www.famillegonnet.com\/dev\/wp-content\/uploads\/2022\/04\/Vacqueyras-200x300.png 200w, https:\/\/www.famillegonnet.com\/dev\/wp-content\/uploads\/2022\/04\/Vacqueyras-683x1024.png 683w, https:\/\/www.famillegonnet.com\/dev\/wp-content\/uploads\/2022\/04\/Vacqueyras-768x1152.png 768w, https:\/\/www.famillegonnet.com\/dev\/wp-content\/uploads\/2022\/04\/Vacqueyras-630x945.png 630w, https:\/\/www.famillegonnet.com\/dev\/wp-content\/uploads\/2022\/04\/Vacqueyras.png 800w\" sizes=\"(max-width: 315px) 100vw, 315px\" \/>\t\t\t<\/a>\t\t\t<!-- Open content -->\n\t\t\t<div class=\"vamtam-product-content\">\n\t\t\t<a href=\"https:\/\/www.famillegonnet.com\/dev\/product\/vacqueyras\/\" class=\"woocommerce-LoopProduct-link woocommerce-loop-product__link\"><h2 class=\"woocommerce-loop-product__title\">Le vin de L\u00e9onard \u2022 Vacqueyras \u2022 Rouge<\/h2>\t\t\t\t\t<\/a><div class=\"vamtam-product-cats\"><a href=\"https:\/\/www.famillegonnet.com\/dev\/product-category\/vins-de-leonard\/\" rel=\"tag\">Vins de Leonard<\/a><\/div>\n\t\t\t<\/div>\n\t\t\t<!-- Close content -->\n\t\t\t<div class=\"vamtam-add-to-cart-wrap\"><a href=\"https:\/\/www.famillegonnet.com\/dev\/product\/vacqueyras\/\" aria-describedby=\"woocommerce_loop_add_to_cart_link_describedby_987990\" data-quantity=\"1\" class=\"button product_type_simple\" data-product_id=\"987990\" data-product_sku=\"\" aria-label=\"En savoir plus sur &ldquo;Le vin de L\u00e9onard \u2022 Vacqueyras \u2022 Rouge&rdquo;\" rel=\"nofollow\" data-success_message=\"\">Lire la suite<\/a><\/div>\t<span id=\"woocommerce_loop_add_to_cart_link_describedby_987990\" class=\"screen-reader-text\">\n\t\t\t<\/span>\n\t\t<\/li>\n<li class=\"product type-product post-987984 status-publish instock product_cat-vins-de-leonard has-post-thumbnail shipping-taxable product-type-simple\">\n\t<a href=\"https:\/\/www.famillegonnet.com\/dev\/product\/gigondas-sans-millesime\/\" class=\"woocommerce-LoopProduct-link woocommerce-loop-product__link\"><img loading=\"lazy\" decoding=\"async\" width=\"315\" height=\"473\" src=\"https:\/\/www.famillegonnet.com\/dev\/wp-content\/uploads\/2022\/04\/Gigondas-sans-millesime-315x473.png\" class=\"attachment-woocommerce_thumbnail size-woocommerce_thumbnail\" alt=\"\" srcset=\"https:\/\/www.famillegonnet.com\/dev\/wp-content\/uploads\/2022\/04\/Gigondas-sans-millesime-315x473.png 315w, https:\/\/www.famillegonnet.com\/dev\/wp-content\/uploads\/2022\/04\/Gigondas-sans-millesime-200x300.png 200w, https:\/\/www.famillegonnet.com\/dev\/wp-content\/uploads\/2022\/04\/Gigondas-sans-millesime-683x1024.png 683w, https:\/\/www.famillegonnet.com\/dev\/wp-content\/uploads\/2022\/04\/Gigondas-sans-millesime-768x1152.png 768w, https:\/\/www.famillegonnet.com\/dev\/wp-content\/uploads\/2022\/04\/Gigondas-sans-millesime-630x945.png 630w, https:\/\/www.famillegonnet.com\/dev\/wp-content\/uploads\/2022\/04\/Gigondas-sans-millesime.png 800w\" sizes=\"(max-width: 315px) 100vw, 315px\" \/>\t\t\t<\/a>\t\t\t<!-- Open content -->\n\t\t\t<div class=\"vamtam-product-content\">\n\t\t\t<a href=\"https:\/\/www.famillegonnet.com\/dev\/product\/gigondas-sans-millesime\/\" class=\"woocommerce-LoopProduct-link woocommerce-loop-product__link\"><h2 class=\"woocommerce-loop-product__title\">Le vin de L\u00e9onard \u2022 Gigondas \u2022 Rouge<\/h2>\t\t\t\t\t<\/a><div class=\"vamtam-product-cats\"><a href=\"https:\/\/www.famillegonnet.com\/dev\/product-category\/vins-de-leonard\/\" rel=\"tag\">Vins de Leonard<\/a><\/div>\n\t\t\t<\/div>\n\t\t\t<!-- Close content -->\n\t\t\t<div class=\"vamtam-add-to-cart-wrap\"><a href=\"https:\/\/www.famillegonnet.com\/dev\/product\/gigondas-sans-millesime\/\" aria-describedby=\"woocommerce_loop_add_to_cart_link_describedby_987984\" data-quantity=\"1\" class=\"button product_type_simple\" data-product_id=\"987984\" data-product_sku=\"\" aria-label=\"En savoir plus sur &ldquo;Le vin de L\u00e9onard \u2022 Gigondas \u2022 Rouge&rdquo;\" rel=\"nofollow\" data-success_message=\"\">Lire la suite<\/a><\/div>\t<span id=\"woocommerce_loop_add_to_cart_link_describedby_987984\" class=\"screen-reader-text\">\n\t\t\t<\/span>\n\t\t<\/li>\n<\/ul>\n<\/div>\t\t\t\t<\/div>\n\t\t\t\t<\/div>\n\t\t\t\t\t<\/div>\n\t\t<\/div>\n\t\t\t\t\t<\/div>\n\t\t<\/section>\n\t\t\t\t<\/div>\n\t\t","protected":false},"excerpt":{"rendered":"<p>Le vin de L\u00e9onard Un hommage \u00e0 L\u00e9onard, le premier des Gonnet \u00e0 cultiver la vigne d\u00e8s 1850. Ces vins sont une ode \u00e0 notre belle vall\u00e9e du Rh\u00f4ne et \u00e0 ces diff\u00e9rentes appellations. Des vins d\u2019une grande puret\u00e9 aromatique o\u00f9 le plaisir est seul ma\u00eetre mot.<\/p>\n","protected":false},"author":1,"featured_media":0,"parent":0,"menu_order":0,"comment_status":"closed","ping_status":"closed","template":"","meta":{"footnotes":""},"class_list":["post-988862","page","type-page","status-publish","hentry"],"_links":{"self":[{"href":"https:\/\/www.famillegonnet.com\/dev\/wp-json\/wp\/v2\/pages\/988862","targetHints":{"allow":["GET"]}}],"collection":[{"href":"https:\/\/www.famillegonnet.com\/dev\/wp-json\/wp\/v2\/pages"}],"about":[{"href":"https:\/\/www.famillegonnet.com\/dev\/wp-json\/wp\/v2\/types\/page"}],"author":[{"embeddable":true,"href":"https:\/\/www.famillegonnet.com\/dev\/wp-json\/wp\/v2\/users\/1"}],"replies":[{"embeddable":true,"href":"https:\/\/www.famillegonnet.com\/dev\/wp-json\/wp\/v2\/comments?post=988862"}],"version-history":[{"count":41,"href":"https:\/\/www.famillegonnet.com\/dev\/wp-json\/wp\/v2\/pages\/988862\/revisions"}],"predecessor-version":[{"id":989163,"href":"https:\/\/www.famillegonnet.com\/dev\/wp-json\/wp\/v2\/pages\/988862\/revisions\/989163"}],"wp:attachment":[{"href":"https:\/\/www.famillegonnet.com\/dev\/wp-json\/wp\/v2\/media?parent=988862"}],"curies":[{"name":"wp","href":"https:\/\/api.w.org\/{rel}","templated":true}]}}