{"id":988857,"date":"2022-06-17T15:40:34","date_gmt":"2022-06-17T13:40:34","guid":{"rendered":"https:\/\/www.famillegonnet.com\/dev\/?page_id=988857"},"modified":"2022-07-18T23:03:24","modified_gmt":"2022-07-18T21:03:24","slug":"cuvee-prestige","status":"publish","type":"page","link":"https:\/\/www.famillegonnet.com\/dev\/cuvee-prestige\/","title":{"rendered":"Cuv\u00e9e prestige"},"content":{"rendered":"\t\t<div data-elementor-type=\"wp-page\" data-elementor-id=\"988857\" class=\"elementor elementor-988857\" data-elementor-post-type=\"page\">\n\t\t\t\t\t\t<section class=\"elementor-section elementor-top-section elementor-element elementor-element-5401602a elementor-section-height-min-height elementor-section-content-bottom elementor-section-boxed elementor-section-height-default elementor-section-items-middle\" data-id=\"5401602a\" data-element_type=\"section\" data-e-type=\"section\" data-settings=\"{&quot;background_background&quot;:&quot;classic&quot;}\">\n\t\t\t\t\t\t\t<div class=\"elementor-background-overlay\"><\/div>\n\t\t\t\t\t\t\t<div class=\"elementor-container elementor-column-gap-default\">\n\t\t\t\t\t<div class=\"elementor-column elementor-col-100 elementor-top-column elementor-element elementor-element-5e6f92bd\" data-id=\"5e6f92bd\" data-element_type=\"column\" data-e-type=\"column\">\n\t\t\t<div class=\"elementor-widget-wrap elementor-element-populated\">\n\t\t\t\t\t\t<div class=\"elementor-element elementor-element-cfe548a elementor-widget elementor-widget-image\" data-id=\"cfe548a\" data-element_type=\"widget\" data-e-type=\"widget\" data-widget_type=\"image.default\">\n\t\t\t\t<div class=\"elementor-widget-container\">\n\t\t\t\t\t\t\t\t\t<div class=\"elementor-image\">\n\t\t\t\t\t\t\t\t\t\t\t\t\t\t\t\t\t\t\t\t\t<img fetchpriority=\"high\" decoding=\"async\" width=\"1457\" height=\"250\" src=\"https:\/\/www.famillegonnet.com\/dev\/wp-content\/uploads\/2022\/07\/Cuvees-prestiges2.png\" class=\"attachment-full size-full wp-image-989075\" alt=\"\" srcset=\"https:\/\/www.famillegonnet.com\/dev\/wp-content\/uploads\/2022\/07\/Cuvees-prestiges2.png 1457w, https:\/\/www.famillegonnet.com\/dev\/wp-content\/uploads\/2022\/07\/Cuvees-prestiges2-300x51.png 300w, https:\/\/www.famillegonnet.com\/dev\/wp-content\/uploads\/2022\/07\/Cuvees-prestiges2-1024x176.png 1024w, https:\/\/www.famillegonnet.com\/dev\/wp-content\/uploads\/2022\/07\/Cuvees-prestiges2-768x132.png 768w, https:\/\/www.famillegonnet.com\/dev\/wp-content\/uploads\/2022\/07\/Cuvees-prestiges2-630x108.png 630w, https:\/\/www.famillegonnet.com\/dev\/wp-content\/uploads\/2022\/07\/Cuvees-prestiges2-1260x216.png 1260w, https:\/\/www.famillegonnet.com\/dev\/wp-content\/uploads\/2022\/07\/Cuvees-prestiges2-315x54.png 315w\" sizes=\"(max-width: 1457px) 100vw, 1457px\" \/>\t\t\t\t\t\t\t\t\t\t\t\t\t\t\t\t\t\t\t\t\t\t\t\t<\/div>\n\t\t\t\t\t\t\t\t<\/div>\n\t\t\t\t<\/div>\n\t\t\t\t\t<\/div>\n\t\t<\/div>\n\t\t\t\t\t<\/div>\n\t\t<\/section>\n\t\t\t\t<section class=\"elementor-section elementor-top-section elementor-element elementor-element-65b81e2b elementor-section-boxed elementor-section-height-default elementor-section-height-default\" data-id=\"65b81e2b\" data-element_type=\"section\" data-e-type=\"section\">\n\t\t\t\t\t\t<div class=\"elementor-container elementor-column-gap-default\">\n\t\t\t\t\t<div class=\"elementor-column elementor-col-100 elementor-top-column elementor-element elementor-element-13ec57a9\" data-id=\"13ec57a9\" data-element_type=\"column\" data-e-type=\"column\">\n\t\t\t<div class=\"elementor-widget-wrap elementor-element-populated\">\n\t\t\t\t\t\t<div class=\"elementor-element elementor-element-9c44c3c elementor-invisible elementor-widget elementor-widget-heading\" data-id=\"9c44c3c\" data-element_type=\"widget\" data-e-type=\"widget\" data-settings=\"{&quot;_animation&quot;:&quot;fadeIn&quot;,&quot;_animation_delay&quot;:200}\" data-widget_type=\"heading.default\">\n\t\t\t\t<div class=\"elementor-widget-container\">\n\t\t\t\t\t<h6 class=\"elementor-heading-title elementor-size-default\">Nos<\/h6>\t\t\t\t<\/div>\n\t\t\t\t<\/div>\n\t\t\t\t<div class=\"elementor-element elementor-element-473c29f8 elementor-widget elementor-widget-heading\" data-id=\"473c29f8\" data-element_type=\"widget\" data-e-type=\"widget\" data-widget_type=\"heading.default\">\n\t\t\t\t<div class=\"elementor-widget-container\">\n\t\t\t\t\t<h2 class=\"elementor-heading-title elementor-size-default\">Cuv\u00e9es Prestiges<\/h2>\t\t\t\t<\/div>\n\t\t\t\t<\/div>\n\t\t\t\t<div class=\"elementor-element elementor-element-3a862b95 elementor-widget elementor-widget-text-editor\" data-id=\"3a862b95\" data-element_type=\"widget\" data-e-type=\"widget\" data-widget_type=\"text-editor.default\">\n\t\t\t\t<div class=\"elementor-widget-container\">\n\t\t\t\t\t\t\t\t\t<p>S\u00e9lection parcellaire de nos plus exceptionnels terroirs sur le plateau de la Crau.<\/p><p>De grands vins de gardes, rac\u00e9s et d\u2019une complexit\u00e9 aromatique unique.<\/p><p>Notre savoir-faire au service d\u2019un terroir d\u2019exception.<\/p>\t\t\t\t\t\t\t\t<\/div>\n\t\t\t\t<\/div>\n\t\t\t\t\t<\/div>\n\t\t<\/div>\n\t\t\t\t\t<\/div>\n\t\t<\/section>\n\t\t\t\t<section class=\"elementor-section elementor-top-section elementor-element elementor-element-f4922c elementor-section-boxed elementor-section-height-default elementor-section-height-default\" data-id=\"f4922c\" data-element_type=\"section\" data-e-type=\"section\">\n\t\t\t\t\t\t<div class=\"elementor-container elementor-column-gap-default\">\n\t\t\t\t\t<div class=\"elementor-column elementor-col-100 elementor-top-column elementor-element elementor-element-ab84d45\" data-id=\"ab84d45\" data-element_type=\"column\" data-e-type=\"column\">\n\t\t\t<div class=\"elementor-widget-wrap elementor-element-populated\">\n\t\t\t\t\t\t<div class=\"elementor-element elementor-element-749d59c3 elementor-grid-4 elementor-grid-tablet-3 elementor-grid-mobile-2 elementor-products-grid elementor-wc-products elementor-widget elementor-widget-woocommerce-products\" data-id=\"749d59c3\" data-element_type=\"widget\" data-e-type=\"widget\" data-widget_type=\"woocommerce-products.default\">\n\t\t\t\t<div class=\"elementor-widget-container\">\n\t\t\t\t\t<div class=\"woocommerce columns-4 \"><ul class=\"products elementor-grid vamtam-wc columns-4\">\n<li class=\"product type-product post-987889 status-publish first instock product_cat-cuvees-prestiges product_tag-blanc has-post-thumbnail shipping-taxable product-type-simple\">\n\t<a href=\"https:\/\/www.famillegonnet.com\/dev\/product\/cuvee-etienne-gonnet-blanc\/\" class=\"woocommerce-LoopProduct-link woocommerce-loop-product__link\"><img decoding=\"async\" width=\"315\" height=\"473\" src=\"https:\/\/www.famillegonnet.com\/dev\/wp-content\/uploads\/2022\/04\/Cuvee-Etienne-Gonnet-Blanc-315x473.png\" class=\"attachment-woocommerce_thumbnail size-woocommerce_thumbnail\" alt=\"\" srcset=\"https:\/\/www.famillegonnet.com\/dev\/wp-content\/uploads\/2022\/04\/Cuvee-Etienne-Gonnet-Blanc-315x473.png 315w, https:\/\/www.famillegonnet.com\/dev\/wp-content\/uploads\/2022\/04\/Cuvee-Etienne-Gonnet-Blanc-200x300.png 200w, https:\/\/www.famillegonnet.com\/dev\/wp-content\/uploads\/2022\/04\/Cuvee-Etienne-Gonnet-Blanc-683x1024.png 683w, https:\/\/www.famillegonnet.com\/dev\/wp-content\/uploads\/2022\/04\/Cuvee-Etienne-Gonnet-Blanc-768x1152.png 768w, https:\/\/www.famillegonnet.com\/dev\/wp-content\/uploads\/2022\/04\/Cuvee-Etienne-Gonnet-Blanc-630x945.png 630w, https:\/\/www.famillegonnet.com\/dev\/wp-content\/uploads\/2022\/04\/Cuvee-Etienne-Gonnet-Blanc.png 800w\" sizes=\"(max-width: 315px) 100vw, 315px\" \/>\t\t\t<\/a>\t\t\t<!-- Open content -->\n\t\t\t<div class=\"vamtam-product-content\">\n\t\t\t<a href=\"https:\/\/www.famillegonnet.com\/dev\/product\/cuvee-etienne-gonnet-blanc\/\" class=\"woocommerce-LoopProduct-link woocommerce-loop-product__link\"><h2 class=\"woocommerce-loop-product__title\">Cuv\u00e9e \u201cEtienne Gonnet\u201d \u2022 Ch\u00e2teauneuf-du-pape \u2022 Blanc<\/h2>\t\t\t\t\t<\/a><div class=\"vamtam-product-cats\"><a href=\"https:\/\/www.famillegonnet.com\/dev\/product-category\/cuvees-prestiges\/\" rel=\"tag\">Cuv\u00e9es prestiges<\/a><\/div>\n\t\t\t<\/div>\n\t\t\t<!-- Close content -->\n\t\t\t<div class=\"vamtam-add-to-cart-wrap\"><a href=\"https:\/\/www.famillegonnet.com\/dev\/product\/cuvee-etienne-gonnet-blanc\/\" aria-describedby=\"woocommerce_loop_add_to_cart_link_describedby_987889\" data-quantity=\"1\" class=\"button product_type_simple\" data-product_id=\"987889\" data-product_sku=\"\" aria-label=\"En savoir plus sur &ldquo;Cuv\u00e9e \u201cEtienne Gonnet\u201d \u2022 Ch\u00e2teauneuf-du-pape \u2022 Blanc&rdquo;\" rel=\"nofollow\" data-success_message=\"\">Lire la suite<\/a><\/div>\t<span id=\"woocommerce_loop_add_to_cart_link_describedby_987889\" class=\"screen-reader-text\">\n\t\t\t<\/span>\n\t\t<\/li>\n<li class=\"product type-product post-987932 status-publish instock product_cat-cuvees-prestiges product_tag-blanc has-post-thumbnail shipping-taxable product-type-simple\">\n\t<a href=\"https:\/\/www.famillegonnet.com\/dev\/product\/cuvee-etienne-gonnet-sans-millesime\/\" class=\"woocommerce-LoopProduct-link woocommerce-loop-product__link\"><img decoding=\"async\" width=\"315\" height=\"473\" src=\"https:\/\/www.famillegonnet.com\/dev\/wp-content\/uploads\/2022\/04\/Cuvee-Etienne-Gonnet-sans-millesime-1-315x473.png\" class=\"attachment-woocommerce_thumbnail size-woocommerce_thumbnail\" alt=\"\" srcset=\"https:\/\/www.famillegonnet.com\/dev\/wp-content\/uploads\/2022\/04\/Cuvee-Etienne-Gonnet-sans-millesime-1-315x473.png 315w, https:\/\/www.famillegonnet.com\/dev\/wp-content\/uploads\/2022\/04\/Cuvee-Etienne-Gonnet-sans-millesime-1-200x300.png 200w, https:\/\/www.famillegonnet.com\/dev\/wp-content\/uploads\/2022\/04\/Cuvee-Etienne-Gonnet-sans-millesime-1-683x1024.png 683w, https:\/\/www.famillegonnet.com\/dev\/wp-content\/uploads\/2022\/04\/Cuvee-Etienne-Gonnet-sans-millesime-1-768x1152.png 768w, https:\/\/www.famillegonnet.com\/dev\/wp-content\/uploads\/2022\/04\/Cuvee-Etienne-Gonnet-sans-millesime-1-630x945.png 630w, https:\/\/www.famillegonnet.com\/dev\/wp-content\/uploads\/2022\/04\/Cuvee-Etienne-Gonnet-sans-millesime-1.png 800w\" sizes=\"(max-width: 315px) 100vw, 315px\" \/>\t\t\t<\/a>\t\t\t<!-- Open content -->\n\t\t\t<div class=\"vamtam-product-content\">\n\t\t\t<a href=\"https:\/\/www.famillegonnet.com\/dev\/product\/cuvee-etienne-gonnet-sans-millesime\/\" class=\"woocommerce-LoopProduct-link woocommerce-loop-product__link\"><h2 class=\"woocommerce-loop-product__title\">Cuv\u00e9e \u201cEtienne Gonnet\u201d \u2022 Ch\u00e2teauneuf-du-pape \u2022 Rouge<\/h2>\t\t\t\t\t<\/a><div class=\"vamtam-product-cats\"><a href=\"https:\/\/www.famillegonnet.com\/dev\/product-category\/cuvees-prestiges\/\" rel=\"tag\">Cuv\u00e9es prestiges<\/a><\/div>\n\t\t\t<\/div>\n\t\t\t<!-- Close content -->\n\t\t\t<div class=\"vamtam-add-to-cart-wrap\"><a href=\"https:\/\/www.famillegonnet.com\/dev\/product\/cuvee-etienne-gonnet-sans-millesime\/\" aria-describedby=\"woocommerce_loop_add_to_cart_link_describedby_987932\" data-quantity=\"1\" class=\"button product_type_simple\" data-product_id=\"987932\" data-product_sku=\"\" aria-label=\"En savoir plus sur &ldquo;Cuv\u00e9e \u201cEtienne Gonnet\u201d \u2022 Ch\u00e2teauneuf-du-pape \u2022 Rouge&rdquo;\" rel=\"nofollow\" data-success_message=\"\">Lire la suite<\/a><\/div>\t<span id=\"woocommerce_loop_add_to_cart_link_describedby_987932\" class=\"screen-reader-text\">\n\t\t\t<\/span>\n\t\t<\/li>\n<li class=\"product type-product post-987935 status-publish instock product_cat-cuvees-prestiges product_tag-blanc has-post-thumbnail shipping-taxable product-type-simple\">\n\t<a href=\"https:\/\/www.famillegonnet.com\/dev\/product\/elegence-de-jeanne-2017\/\" class=\"woocommerce-LoopProduct-link woocommerce-loop-product__link\"><img loading=\"lazy\" decoding=\"async\" width=\"315\" height=\"473\" src=\"https:\/\/www.famillegonnet.com\/dev\/wp-content\/uploads\/2022\/04\/Elegence-de-Jeanne-x3-315x473.png\" class=\"attachment-woocommerce_thumbnail size-woocommerce_thumbnail\" alt=\"\" srcset=\"https:\/\/www.famillegonnet.com\/dev\/wp-content\/uploads\/2022\/04\/Elegence-de-Jeanne-x3-315x473.png 315w, https:\/\/www.famillegonnet.com\/dev\/wp-content\/uploads\/2022\/04\/Elegence-de-Jeanne-x3-200x300.png 200w, https:\/\/www.famillegonnet.com\/dev\/wp-content\/uploads\/2022\/04\/Elegence-de-Jeanne-x3-683x1024.png 683w, https:\/\/www.famillegonnet.com\/dev\/wp-content\/uploads\/2022\/04\/Elegence-de-Jeanne-x3-768x1152.png 768w, https:\/\/www.famillegonnet.com\/dev\/wp-content\/uploads\/2022\/04\/Elegence-de-Jeanne-x3-630x945.png 630w, https:\/\/www.famillegonnet.com\/dev\/wp-content\/uploads\/2022\/04\/Elegence-de-Jeanne-x3.png 800w\" sizes=\"(max-width: 315px) 100vw, 315px\" \/>\t\t\t<\/a>\t\t\t<!-- Open content -->\n\t\t\t<div class=\"vamtam-product-content\">\n\t\t\t<a href=\"https:\/\/www.famillegonnet.com\/dev\/product\/elegence-de-jeanne-2017\/\" class=\"woocommerce-LoopProduct-link woocommerce-loop-product__link\"><h2 class=\"woocommerce-loop-product__title\">\u00c9l\u00e9gance de Jeanne \u2022 Ch\u00e2teauneuf-du-Pape<\/h2>\t\t\t\t\t<\/a><div class=\"vamtam-product-cats\"><a href=\"https:\/\/www.famillegonnet.com\/dev\/product-category\/cuvees-prestiges\/\" rel=\"tag\">Cuv\u00e9es prestiges<\/a><\/div>\n\t\t\t<\/div>\n\t\t\t<!-- Close content -->\n\t\t\t<div class=\"vamtam-add-to-cart-wrap\"><a href=\"https:\/\/www.famillegonnet.com\/dev\/product\/elegence-de-jeanne-2017\/\" aria-describedby=\"woocommerce_loop_add_to_cart_link_describedby_987935\" data-quantity=\"1\" class=\"button product_type_simple\" data-product_id=\"987935\" data-product_sku=\"\" aria-label=\"En savoir plus sur &ldquo;\u00c9l\u00e9gance de Jeanne \u2022 Ch\u00e2teauneuf-du-Pape&rdquo;\" rel=\"nofollow\" data-success_message=\"\">Lire la suite<\/a><\/div>\t<span id=\"woocommerce_loop_add_to_cart_link_describedby_987935\" class=\"screen-reader-text\">\n\t\t\t<\/span>\n\t\t<\/li>\n<li class=\"product type-product post-987938 status-publish last instock product_cat-cuvees-prestiges product_tag-blanc has-post-thumbnail shipping-taxable product-type-simple\">\n\t<a href=\"https:\/\/www.famillegonnet.com\/dev\/product\/secret-de-famille-2016\/\" class=\"woocommerce-LoopProduct-link woocommerce-loop-product__link\"><img loading=\"lazy\" decoding=\"async\" width=\"315\" height=\"473\" src=\"https:\/\/www.famillegonnet.com\/dev\/wp-content\/uploads\/2022\/04\/Secret-de-famille-x3-315x473.png\" class=\"attachment-woocommerce_thumbnail size-woocommerce_thumbnail\" alt=\"\" srcset=\"https:\/\/www.famillegonnet.com\/dev\/wp-content\/uploads\/2022\/04\/Secret-de-famille-x3-315x473.png 315w, https:\/\/www.famillegonnet.com\/dev\/wp-content\/uploads\/2022\/04\/Secret-de-famille-x3-200x300.png 200w, https:\/\/www.famillegonnet.com\/dev\/wp-content\/uploads\/2022\/04\/Secret-de-famille-x3-683x1024.png 683w, https:\/\/www.famillegonnet.com\/dev\/wp-content\/uploads\/2022\/04\/Secret-de-famille-x3-768x1152.png 768w, https:\/\/www.famillegonnet.com\/dev\/wp-content\/uploads\/2022\/04\/Secret-de-famille-x3-630x945.png 630w, https:\/\/www.famillegonnet.com\/dev\/wp-content\/uploads\/2022\/04\/Secret-de-famille-x3.png 800w\" sizes=\"(max-width: 315px) 100vw, 315px\" \/>\t\t\t<\/a>\t\t\t<!-- Open content -->\n\t\t\t<div class=\"vamtam-product-content\">\n\t\t\t<a href=\"https:\/\/www.famillegonnet.com\/dev\/product\/secret-de-famille-2016\/\" class=\"woocommerce-LoopProduct-link woocommerce-loop-product__link\"><h2 class=\"woocommerce-loop-product__title\">Secret de Famille<\/h2>\t\t\t\t\t<\/a><div class=\"vamtam-product-cats\"><a href=\"https:\/\/www.famillegonnet.com\/dev\/product-category\/cuvees-prestiges\/\" rel=\"tag\">Cuv\u00e9es prestiges<\/a><\/div>\n\t\t\t<\/div>\n\t\t\t<!-- Close content -->\n\t\t\t<div class=\"vamtam-add-to-cart-wrap\"><a href=\"https:\/\/www.famillegonnet.com\/dev\/product\/secret-de-famille-2016\/\" aria-describedby=\"woocommerce_loop_add_to_cart_link_describedby_987938\" data-quantity=\"1\" class=\"button product_type_simple\" data-product_id=\"987938\" data-product_sku=\"\" aria-label=\"En savoir plus sur &ldquo;Secret de Famille&rdquo;\" rel=\"nofollow\" data-success_message=\"\">Lire la suite<\/a><\/div>\t<span id=\"woocommerce_loop_add_to_cart_link_describedby_987938\" class=\"screen-reader-text\">\n\t\t\t<\/span>\n\t\t<\/li>\n<\/ul>\n<\/div>\t\t\t\t<\/div>\n\t\t\t\t<\/div>\n\t\t\t\t\t<\/div>\n\t\t<\/div>\n\t\t\t\t\t<\/div>\n\t\t<\/section>\n\t\t\t\t<\/div>\n\t\t","protected":false},"excerpt":{"rendered":"<p>Nos Cuv\u00e9es Prestiges S\u00e9lection parcellaire de nos plus exceptionnels terroirs sur le plateau de la Crau. De grands vins de gardes, rac\u00e9s et d\u2019une complexit\u00e9 aromatique unique. Notre savoir-faire au service d\u2019un terroir d\u2019exception.<\/p>\n","protected":false},"author":1,"featured_media":0,"parent":0,"menu_order":0,"comment_status":"closed","ping_status":"closed","template":"","meta":{"footnotes":""},"class_list":["post-988857","page","type-page","status-publish","hentry"],"_links":{"self":[{"href":"https:\/\/www.famillegonnet.com\/dev\/wp-json\/wp\/v2\/pages\/988857","targetHints":{"allow":["GET"]}}],"collection":[{"href":"https:\/\/www.famillegonnet.com\/dev\/wp-json\/wp\/v2\/pages"}],"about":[{"href":"https:\/\/www.famillegonnet.com\/dev\/wp-json\/wp\/v2\/types\/page"}],"author":[{"embeddable":true,"href":"https:\/\/www.famillegonnet.com\/dev\/wp-json\/wp\/v2\/users\/1"}],"replies":[{"embeddable":true,"href":"https:\/\/www.famillegonnet.com\/dev\/wp-json\/wp\/v2\/comments?post=988857"}],"version-history":[{"count":35,"href":"https:\/\/www.famillegonnet.com\/dev\/wp-json\/wp\/v2\/pages\/988857\/revisions"}],"predecessor-version":[{"id":989207,"href":"https:\/\/www.famillegonnet.com\/dev\/wp-json\/wp\/v2\/pages\/988857\/revisions\/989207"}],"wp:attachment":[{"href":"https:\/\/www.famillegonnet.com\/dev\/wp-json\/wp\/v2\/media?parent=988857"}],"curies":[{"name":"wp","href":"https:\/\/api.w.org\/{rel}","templated":true}]}}