{"id":988841,"date":"2022-06-17T15:30:19","date_gmt":"2022-06-17T13:30:19","guid":{"rendered":"https:\/\/www.famillegonnet.com\/dev\/?page_id=988841"},"modified":"2022-07-18T22:55:48","modified_gmt":"2022-07-18T20:55:48","slug":"font-du-vent","status":"publish","type":"page","link":"https:\/\/www.famillegonnet.com\/dev\/font-du-vent\/","title":{"rendered":"Font du Vent"},"content":{"rendered":"\t\t<div data-elementor-type=\"wp-page\" data-elementor-id=\"988841\" class=\"elementor elementor-988841\" data-elementor-post-type=\"page\">\n\t\t\t\t\t\t<section class=\"elementor-section elementor-top-section elementor-element elementor-element-3aae3848 elementor-section-height-min-height elementor-section-content-bottom elementor-section-boxed elementor-section-height-default elementor-section-items-middle\" data-id=\"3aae3848\" data-element_type=\"section\" data-e-type=\"section\" data-settings=\"{&quot;background_background&quot;:&quot;classic&quot;}\">\n\t\t\t\t\t\t\t<div class=\"elementor-background-overlay\"><\/div>\n\t\t\t\t\t\t\t<div class=\"elementor-container elementor-column-gap-default\">\n\t\t\t\t\t<div class=\"elementor-column elementor-col-100 elementor-top-column elementor-element elementor-element-1415d98a\" data-id=\"1415d98a\" data-element_type=\"column\" data-e-type=\"column\">\n\t\t\t<div class=\"elementor-widget-wrap elementor-element-populated\">\n\t\t\t\t\t\t<div class=\"elementor-element elementor-element-62c318a elementor-widget elementor-widget-image\" data-id=\"62c318a\" data-element_type=\"widget\" data-e-type=\"widget\" data-widget_type=\"image.default\">\n\t\t\t\t<div class=\"elementor-widget-container\">\n\t\t\t\t\t\t\t\t\t<div class=\"elementor-image\">\n\t\t\t\t\t\t\t\t\t\t\t\t\t\t\t\t\t\t\t\t\t<img fetchpriority=\"high\" decoding=\"async\" width=\"1457\" height=\"250\" src=\"https:\/\/www.famillegonnet.com\/dev\/wp-content\/uploads\/2022\/06\/Font-du-Vent.png\" class=\"attachment-full size-full wp-image-988515\" alt=\"\" srcset=\"https:\/\/www.famillegonnet.com\/dev\/wp-content\/uploads\/2022\/06\/Font-du-Vent.png 1457w, https:\/\/www.famillegonnet.com\/dev\/wp-content\/uploads\/2022\/06\/Font-du-Vent-300x51.png 300w, https:\/\/www.famillegonnet.com\/dev\/wp-content\/uploads\/2022\/06\/Font-du-Vent-1024x176.png 1024w, https:\/\/www.famillegonnet.com\/dev\/wp-content\/uploads\/2022\/06\/Font-du-Vent-768x132.png 768w, https:\/\/www.famillegonnet.com\/dev\/wp-content\/uploads\/2022\/06\/Font-du-Vent-630x108.png 630w, https:\/\/www.famillegonnet.com\/dev\/wp-content\/uploads\/2022\/06\/Font-du-Vent-1260x216.png 1260w, https:\/\/www.famillegonnet.com\/dev\/wp-content\/uploads\/2022\/06\/Font-du-Vent-315x54.png 315w\" sizes=\"(max-width: 1457px) 100vw, 1457px\" \/>\t\t\t\t\t\t\t\t\t\t\t\t\t\t\t\t\t\t\t\t\t\t\t\t<\/div>\n\t\t\t\t\t\t\t\t<\/div>\n\t\t\t\t<\/div>\n\t\t\t\t\t<\/div>\n\t\t<\/div>\n\t\t\t\t\t<\/div>\n\t\t<\/section>\n\t\t\t\t<section class=\"elementor-section elementor-top-section elementor-element elementor-element-aceee60 elementor-section-boxed elementor-section-height-default elementor-section-height-default\" data-id=\"aceee60\" data-element_type=\"section\" data-e-type=\"section\">\n\t\t\t\t\t\t<div class=\"elementor-container elementor-column-gap-default\">\n\t\t\t\t\t<div class=\"elementor-column elementor-col-100 elementor-top-column elementor-element elementor-element-31bea90e\" data-id=\"31bea90e\" data-element_type=\"column\" data-e-type=\"column\">\n\t\t\t<div class=\"elementor-widget-wrap elementor-element-populated\">\n\t\t\t\t\t\t<div class=\"elementor-element elementor-element-506f2d87 elementor-invisible elementor-widget elementor-widget-heading\" data-id=\"506f2d87\" data-element_type=\"widget\" data-e-type=\"widget\" data-settings=\"{&quot;_animation&quot;:&quot;fadeIn&quot;,&quot;_animation_delay&quot;:200}\" data-widget_type=\"heading.default\">\n\t\t\t\t<div class=\"elementor-widget-container\">\n\t\t\t\t\t<h6 class=\"elementor-heading-title elementor-size-default\">Vignoble<\/h6>\t\t\t\t<\/div>\n\t\t\t\t<\/div>\n\t\t\t\t<div class=\"elementor-element elementor-element-3a182588 elementor-widget elementor-widget-heading\" data-id=\"3a182588\" data-element_type=\"widget\" data-e-type=\"widget\" data-widget_type=\"heading.default\">\n\t\t\t\t<div class=\"elementor-widget-container\">\n\t\t\t\t\t<h2 class=\"elementor-heading-title elementor-size-default\">Font du Vent<\/h2>\t\t\t\t<\/div>\n\t\t\t\t<\/div>\n\t\t\t\t<div class=\"elementor-element elementor-element-43c78a3a elementor-widget elementor-widget-text-editor\" data-id=\"43c78a3a\" data-element_type=\"widget\" data-e-type=\"widget\" data-widget_type=\"text-editor.default\">\n\t\t\t\t<div class=\"elementor-widget-container\">\n\t\t\t\t\t\t\t\t\t<p>Vignoble situ\u00e9 sur le coteau sud-est de l\u2019appellation Ch\u00e2teauneuf-du-Pape.<\/p><p>Les vins de la Font du Vent sont issus d\u2019un assemblage de plusieurs c\u00e9l\u00e8bres lieux-dits tels que la Croix de Bois, la Reveirore et la Crau.<\/p><p>Respect du terroir, finesse et complexit\u00e9s aromatiques en sont les caract\u00e9ristiques.<\/p><p>La Font du Vent produit \u00e9galement de superbes C\u00f4tes-du-Rh\u00f4ne et C\u00f4tes-du-Rh\u00f4ne Signargues sur la commune de Domazan dans le Gard.<\/p>\t\t\t\t\t\t\t\t<\/div>\n\t\t\t\t<\/div>\n\t\t\t\t\t<\/div>\n\t\t<\/div>\n\t\t\t\t\t<\/div>\n\t\t<\/section>\n\t\t\t\t<section class=\"elementor-section elementor-top-section elementor-element elementor-element-36124bdf elementor-section-boxed elementor-section-height-default elementor-section-height-default\" data-id=\"36124bdf\" data-element_type=\"section\" data-e-type=\"section\">\n\t\t\t\t\t\t<div class=\"elementor-container elementor-column-gap-default\">\n\t\t\t\t\t<div class=\"elementor-column elementor-col-100 elementor-top-column elementor-element elementor-element-26ca1b2b\" data-id=\"26ca1b2b\" data-element_type=\"column\" data-e-type=\"column\">\n\t\t\t<div class=\"elementor-widget-wrap elementor-element-populated\">\n\t\t\t\t\t\t<div class=\"elementor-element elementor-element-965ae43 elementor-grid-4 elementor-grid-tablet-3 elementor-grid-mobile-2 elementor-products-grid elementor-wc-products elementor-widget elementor-widget-woocommerce-products\" data-id=\"965ae43\" data-element_type=\"widget\" data-e-type=\"widget\" data-widget_type=\"woocommerce-products.default\">\n\t\t\t\t<div class=\"elementor-widget-container\">\n\t\t\t\t\t<div class=\"woocommerce columns-4 \"><ul class=\"products elementor-grid vamtam-wc columns-4\">\n<li class=\"product type-product post-987974 status-publish first instock product_cat-font-du-vent has-post-thumbnail shipping-taxable product-type-simple\">\n\t<a href=\"https:\/\/www.famillegonnet.com\/dev\/product\/cotes-du-rhone-blanc-sans-millesime\/\" class=\"woocommerce-LoopProduct-link woocommerce-loop-product__link\"><img decoding=\"async\" width=\"315\" height=\"473\" src=\"https:\/\/www.famillegonnet.com\/dev\/wp-content\/uploads\/2022\/04\/Les-Promesses-Chateauneuf-du-pape-blanc-sans-millesime-315x473.png\" class=\"attachment-woocommerce_thumbnail size-woocommerce_thumbnail\" alt=\"\" srcset=\"https:\/\/www.famillegonnet.com\/dev\/wp-content\/uploads\/2022\/04\/Les-Promesses-Chateauneuf-du-pape-blanc-sans-millesime-315x473.png 315w, https:\/\/www.famillegonnet.com\/dev\/wp-content\/uploads\/2022\/04\/Les-Promesses-Chateauneuf-du-pape-blanc-sans-millesime-200x300.png 200w, https:\/\/www.famillegonnet.com\/dev\/wp-content\/uploads\/2022\/04\/Les-Promesses-Chateauneuf-du-pape-blanc-sans-millesime-683x1024.png 683w, https:\/\/www.famillegonnet.com\/dev\/wp-content\/uploads\/2022\/04\/Les-Promesses-Chateauneuf-du-pape-blanc-sans-millesime-768x1152.png 768w, https:\/\/www.famillegonnet.com\/dev\/wp-content\/uploads\/2022\/04\/Les-Promesses-Chateauneuf-du-pape-blanc-sans-millesime-630x945.png 630w, https:\/\/www.famillegonnet.com\/dev\/wp-content\/uploads\/2022\/04\/Les-Promesses-Chateauneuf-du-pape-blanc-sans-millesime.png 800w\" sizes=\"(max-width: 315px) 100vw, 315px\" \/>\t\t\t<\/a>\t\t\t<!-- Open content -->\n\t\t\t<div class=\"vamtam-product-content\">\n\t\t\t<a href=\"https:\/\/www.famillegonnet.com\/dev\/product\/cotes-du-rhone-blanc-sans-millesime\/\" class=\"woocommerce-LoopProduct-link woocommerce-loop-product__link\"><h2 class=\"woocommerce-loop-product__title\">Les Promesses \u2022 C\u00f4tes-du-Rh\u00f4ne \u2022 Blanc<\/h2>\t\t\t\t\t<\/a><div class=\"vamtam-product-cats\"><a href=\"https:\/\/www.famillegonnet.com\/dev\/product-category\/font-du-vent\/\" rel=\"tag\">Font du Vent<\/a><\/div>\n\t\t\t<\/div>\n\t\t\t<!-- Close content -->\n\t\t\t<div class=\"vamtam-add-to-cart-wrap\"><a href=\"https:\/\/www.famillegonnet.com\/dev\/product\/cotes-du-rhone-blanc-sans-millesime\/\" aria-describedby=\"woocommerce_loop_add_to_cart_link_describedby_987974\" data-quantity=\"1\" class=\"button product_type_simple\" data-product_id=\"987974\" data-product_sku=\"\" aria-label=\"En savoir plus sur &ldquo;Les Promesses \u2022 C\u00f4tes-du-Rh\u00f4ne \u2022 Blanc&rdquo;\" rel=\"nofollow\" data-success_message=\"\">Lire la suite<\/a><\/div>\t<span id=\"woocommerce_loop_add_to_cart_link_describedby_987974\" class=\"screen-reader-text\">\n\t\t\t<\/span>\n\t\t<\/li>\n<li class=\"product type-product post-987953 status-publish instock product_cat-font-du-vent has-post-thumbnail shipping-taxable product-type-simple\">\n\t<a href=\"https:\/\/www.famillegonnet.com\/dev\/product\/les-promesses-cotes-du-rhone-rouge-sans-millesime\/\" class=\"woocommerce-LoopProduct-link woocommerce-loop-product__link\"><img decoding=\"async\" width=\"315\" height=\"473\" src=\"https:\/\/www.famillegonnet.com\/dev\/wp-content\/uploads\/2022\/04\/Les-Promesses-Cotes-du-Rhone-rouge-sans-millesime-315x473.png\" class=\"attachment-woocommerce_thumbnail size-woocommerce_thumbnail\" alt=\"\" srcset=\"https:\/\/www.famillegonnet.com\/dev\/wp-content\/uploads\/2022\/04\/Les-Promesses-Cotes-du-Rhone-rouge-sans-millesime-315x473.png 315w, https:\/\/www.famillegonnet.com\/dev\/wp-content\/uploads\/2022\/04\/Les-Promesses-Cotes-du-Rhone-rouge-sans-millesime-200x300.png 200w, https:\/\/www.famillegonnet.com\/dev\/wp-content\/uploads\/2022\/04\/Les-Promesses-Cotes-du-Rhone-rouge-sans-millesime-683x1024.png 683w, https:\/\/www.famillegonnet.com\/dev\/wp-content\/uploads\/2022\/04\/Les-Promesses-Cotes-du-Rhone-rouge-sans-millesime-768x1152.png 768w, https:\/\/www.famillegonnet.com\/dev\/wp-content\/uploads\/2022\/04\/Les-Promesses-Cotes-du-Rhone-rouge-sans-millesime-630x945.png 630w, https:\/\/www.famillegonnet.com\/dev\/wp-content\/uploads\/2022\/04\/Les-Promesses-Cotes-du-Rhone-rouge-sans-millesime.png 800w\" sizes=\"(max-width: 315px) 100vw, 315px\" \/>\t\t\t<\/a>\t\t\t<!-- Open content -->\n\t\t\t<div class=\"vamtam-product-content\">\n\t\t\t<a href=\"https:\/\/www.famillegonnet.com\/dev\/product\/les-promesses-cotes-du-rhone-rouge-sans-millesime\/\" class=\"woocommerce-LoopProduct-link woocommerce-loop-product__link\"><h2 class=\"woocommerce-loop-product__title\">Les Promesses \u2022 C\u00f4tes-du-Rh\u00f4ne \u2022 Rouge<\/h2>\t\t\t\t\t<\/a><div class=\"vamtam-product-cats\"><a href=\"https:\/\/www.famillegonnet.com\/dev\/product-category\/font-du-vent\/\" rel=\"tag\">Font du Vent<\/a><\/div>\n\t\t\t<\/div>\n\t\t\t<!-- Close content -->\n\t\t\t<div class=\"vamtam-add-to-cart-wrap\"><a href=\"https:\/\/www.famillegonnet.com\/dev\/product\/les-promesses-cotes-du-rhone-rouge-sans-millesime\/\" aria-describedby=\"woocommerce_loop_add_to_cart_link_describedby_987953\" data-quantity=\"1\" class=\"button product_type_simple\" data-product_id=\"987953\" data-product_sku=\"\" aria-label=\"En savoir plus sur &ldquo;Les Promesses \u2022 C\u00f4tes-du-Rh\u00f4ne \u2022 Rouge&rdquo;\" rel=\"nofollow\" data-success_message=\"\">Lire la suite<\/a><\/div>\t<span id=\"woocommerce_loop_add_to_cart_link_describedby_987953\" class=\"screen-reader-text\">\n\t\t\t<\/span>\n\t\t<\/li>\n<li class=\"product type-product post-987956 status-publish instock product_cat-font-du-vent has-post-thumbnail shipping-taxable product-type-simple\">\n\t<a href=\"https:\/\/www.famillegonnet.com\/dev\/product\/notre-passion-signargues\/\" class=\"woocommerce-LoopProduct-link woocommerce-loop-product__link\"><img loading=\"lazy\" decoding=\"async\" width=\"315\" height=\"473\" src=\"https:\/\/www.famillegonnet.com\/dev\/wp-content\/uploads\/2022\/04\/Notre-Passion-Signargues-2020-315x473.png\" class=\"attachment-woocommerce_thumbnail size-woocommerce_thumbnail\" alt=\"\" srcset=\"https:\/\/www.famillegonnet.com\/dev\/wp-content\/uploads\/2022\/04\/Notre-Passion-Signargues-2020-315x473.png 315w, https:\/\/www.famillegonnet.com\/dev\/wp-content\/uploads\/2022\/04\/Notre-Passion-Signargues-2020-200x300.png 200w, https:\/\/www.famillegonnet.com\/dev\/wp-content\/uploads\/2022\/04\/Notre-Passion-Signargues-2020-683x1024.png 683w, https:\/\/www.famillegonnet.com\/dev\/wp-content\/uploads\/2022\/04\/Notre-Passion-Signargues-2020-768x1152.png 768w, https:\/\/www.famillegonnet.com\/dev\/wp-content\/uploads\/2022\/04\/Notre-Passion-Signargues-2020-630x945.png 630w, https:\/\/www.famillegonnet.com\/dev\/wp-content\/uploads\/2022\/04\/Notre-Passion-Signargues-2020.png 800w\" sizes=\"(max-width: 315px) 100vw, 315px\" \/>\t\t\t<\/a>\t\t\t<!-- Open content -->\n\t\t\t<div class=\"vamtam-product-content\">\n\t\t\t<a href=\"https:\/\/www.famillegonnet.com\/dev\/product\/notre-passion-signargues\/\" class=\"woocommerce-LoopProduct-link woocommerce-loop-product__link\"><h2 class=\"woocommerce-loop-product__title\">Notre Passion \u2022 Signargues \u2022 Rouge<\/h2>\t\t\t\t\t<\/a><div class=\"vamtam-product-cats\"><a href=\"https:\/\/www.famillegonnet.com\/dev\/product-category\/font-du-vent\/\" rel=\"tag\">Font du Vent<\/a><\/div>\n\t\t\t<\/div>\n\t\t\t<!-- Close content -->\n\t\t\t<div class=\"vamtam-add-to-cart-wrap\"><a href=\"https:\/\/www.famillegonnet.com\/dev\/product\/notre-passion-signargues\/\" aria-describedby=\"woocommerce_loop_add_to_cart_link_describedby_987956\" data-quantity=\"1\" class=\"button product_type_simple\" data-product_id=\"987956\" data-product_sku=\"\" aria-label=\"En savoir plus sur &ldquo;Notre Passion \u2022 Signargues \u2022 Rouge&rdquo;\" rel=\"nofollow\" data-success_message=\"\">Lire la suite<\/a><\/div>\t<span id=\"woocommerce_loop_add_to_cart_link_describedby_987956\" class=\"screen-reader-text\">\n\t\t\t<\/span>\n\t\t<\/li>\n<li class=\"product type-product post-987949 status-publish last instock product_cat-font-du-vent has-post-thumbnail shipping-taxable product-type-simple\">\n\t<a href=\"https:\/\/www.famillegonnet.com\/dev\/product\/cuvee-tradition-chaterauneuf-du-pape-sans-millesime\/\" class=\"woocommerce-LoopProduct-link woocommerce-loop-product__link\"><img loading=\"lazy\" decoding=\"async\" width=\"315\" height=\"473\" src=\"https:\/\/www.famillegonnet.com\/dev\/wp-content\/uploads\/2022\/04\/Cuvee-Tradition-Chaterauneuf-du-pape-sans-millesime-V3-315x473.png\" class=\"attachment-woocommerce_thumbnail size-woocommerce_thumbnail\" alt=\"\" srcset=\"https:\/\/www.famillegonnet.com\/dev\/wp-content\/uploads\/2022\/04\/Cuvee-Tradition-Chaterauneuf-du-pape-sans-millesime-V3-315x473.png 315w, https:\/\/www.famillegonnet.com\/dev\/wp-content\/uploads\/2022\/04\/Cuvee-Tradition-Chaterauneuf-du-pape-sans-millesime-V3-200x300.png 200w, https:\/\/www.famillegonnet.com\/dev\/wp-content\/uploads\/2022\/04\/Cuvee-Tradition-Chaterauneuf-du-pape-sans-millesime-V3-683x1024.png 683w, https:\/\/www.famillegonnet.com\/dev\/wp-content\/uploads\/2022\/04\/Cuvee-Tradition-Chaterauneuf-du-pape-sans-millesime-V3-768x1152.png 768w, https:\/\/www.famillegonnet.com\/dev\/wp-content\/uploads\/2022\/04\/Cuvee-Tradition-Chaterauneuf-du-pape-sans-millesime-V3-630x945.png 630w, https:\/\/www.famillegonnet.com\/dev\/wp-content\/uploads\/2022\/04\/Cuvee-Tradition-Chaterauneuf-du-pape-sans-millesime-V3.png 800w\" sizes=\"(max-width: 315px) 100vw, 315px\" \/>\t\t\t<\/a>\t\t\t<!-- Open content -->\n\t\t\t<div class=\"vamtam-product-content\">\n\t\t\t<a href=\"https:\/\/www.famillegonnet.com\/dev\/product\/cuvee-tradition-chaterauneuf-du-pape-sans-millesime\/\" class=\"woocommerce-LoopProduct-link woocommerce-loop-product__link\"><h2 class=\"woocommerce-loop-product__title\">Cuv\u00e9e \u201cTradition\u201d \u2022 Ch\u00e2teauneuf-du-Pape \u2022 Rouge<\/h2>\t\t\t\t\t<\/a><div class=\"vamtam-product-cats\"><a href=\"https:\/\/www.famillegonnet.com\/dev\/product-category\/font-du-vent\/\" rel=\"tag\">Font du Vent<\/a><\/div>\n\t\t\t<\/div>\n\t\t\t<!-- Close content -->\n\t\t\t<div class=\"vamtam-add-to-cart-wrap\"><a href=\"https:\/\/www.famillegonnet.com\/dev\/product\/cuvee-tradition-chaterauneuf-du-pape-sans-millesime\/\" aria-describedby=\"woocommerce_loop_add_to_cart_link_describedby_987949\" data-quantity=\"1\" class=\"button product_type_simple\" data-product_id=\"987949\" data-product_sku=\"\" aria-label=\"En savoir plus sur &ldquo;Cuv\u00e9e \u201cTradition\u201d \u2022 Ch\u00e2teauneuf-du-Pape \u2022 Rouge&rdquo;\" rel=\"nofollow\" data-success_message=\"\">Lire la suite<\/a><\/div>\t<span id=\"woocommerce_loop_add_to_cart_link_describedby_987949\" class=\"screen-reader-text\">\n\t\t\t<\/span>\n\t\t<\/li>\n<\/ul>\n<\/div>\t\t\t\t<\/div>\n\t\t\t\t<\/div>\n\t\t\t\t\t<\/div>\n\t\t<\/div>\n\t\t\t\t\t<\/div>\n\t\t<\/section>\n\t\t\t\t<\/div>\n\t\t","protected":false},"excerpt":{"rendered":"<p>Vignoble Font du Vent Vignoble situ\u00e9 sur le coteau sud-est de l\u2019appellation Ch\u00e2teauneuf-du-Pape. Les vins de la Font du Vent sont issus d\u2019un assemblage de plusieurs c\u00e9l\u00e8bres lieux-dits tels que la Croix de Bois, la Reveirore et la Crau. Respect du terroir, finesse et complexit\u00e9s aromatiques en sont les caract\u00e9ristiques. La Font du Vent produit&#8230;<\/p>\n","protected":false},"author":1,"featured_media":0,"parent":0,"menu_order":0,"comment_status":"closed","ping_status":"closed","template":"","meta":{"footnotes":""},"class_list":["post-988841","page","type-page","status-publish","hentry"],"_links":{"self":[{"href":"https:\/\/www.famillegonnet.com\/dev\/wp-json\/wp\/v2\/pages\/988841","targetHints":{"allow":["GET"]}}],"collection":[{"href":"https:\/\/www.famillegonnet.com\/dev\/wp-json\/wp\/v2\/pages"}],"about":[{"href":"https:\/\/www.famillegonnet.com\/dev\/wp-json\/wp\/v2\/types\/page"}],"author":[{"embeddable":true,"href":"https:\/\/www.famillegonnet.com\/dev\/wp-json\/wp\/v2\/users\/1"}],"replies":[{"embeddable":true,"href":"https:\/\/www.famillegonnet.com\/dev\/wp-json\/wp\/v2\/comments?post=988841"}],"version-history":[{"count":44,"href":"https:\/\/www.famillegonnet.com\/dev\/wp-json\/wp\/v2\/pages\/988841\/revisions"}],"predecessor-version":[{"id":989180,"href":"https:\/\/www.famillegonnet.com\/dev\/wp-json\/wp\/v2\/pages\/988841\/revisions\/989180"}],"wp:attachment":[{"href":"https:\/\/www.famillegonnet.com\/dev\/wp-json\/wp\/v2\/media?parent=988841"}],"curies":[{"name":"wp","href":"https:\/\/api.w.org\/{rel}","templated":true}]}}